{"id":861,"date":"2020-10-02T14:40:21","date_gmt":"2020-10-02T12:40:21","guid":{"rendered":"https:\/\/centredugenougeneve.ch\/syndrome-des-loges-chronique\/"},"modified":"2025-01-03T11:40:57","modified_gmt":"2025-01-03T10:40:57","slug":"chronic-exertional-compartment-syndrome","status":"publish","type":"page","link":"https:\/\/centredugenougeneve.ch\/en\/chronic-exertional-compartment-syndrome\/","title":{"rendered":"Chronic exertional compartment syndrome"},"content":{"rendered":"","protected":false},"excerpt":{"rendered":"<p>Le syndrome des loges chroniques ou d\u2019effort se manifeste par des douleurs musculaires lors d\u2019un exercice physique. La localisation la plus fr\u00e9quente est les jambes ou les avant-bras selon le type de sport pratiqu\u00e9 et touche souvent les deux c\u00f4t\u00e9s.<\/p>\n","protected":false},"author":1,"featured_media":0,"parent":0,"menu_order":10,"comment_status":"closed","ping_status":"closed","template":"","meta":{"footnotes":""},"class_list":["post-861","page","type-page","status-publish","hentry"],"yoast_head":"<!-- This site is optimized with the Yoast SEO plugin v24.2 - https:\/\/yoast.com\/wordpress\/plugins\/seo\/ -->\n<title>Chronic exertional compartment syndrome - Centre du Genou Gen\u00e8ve<\/title>\n<meta name=\"description\" content=\"Symptoms and treatments for chronic exertional compartment syndrome in Geneva. Discover how our sports medicine specialists can help you.\" \/>\n<meta name=\"robots\" content=\"index, follow, max-snippet:-1, max-image-preview:large, max-video-preview:-1\" \/>\n<link rel=\"canonical\" href=\"https:\/\/centredugenougeneve.ch\/en\/chronic-exertional-compartment-syndrome\/\" \/>\n<meta property=\"og:locale\" content=\"en_US\" \/>\n<meta property=\"og:type\" content=\"article\" \/>\n<meta property=\"og:title\" content=\"Chronic exertional compartment syndrome - Centre du Genou Gen\u00e8ve\" \/>\n<meta property=\"og:description\" content=\"Symptoms and treatments for chronic exertional compartment syndrome in Geneva. Discover how our sports medicine specialists can help you.\" \/>\n<meta property=\"og:url\" content=\"https:\/\/centredugenougeneve.ch\/en\/chronic-exertional-compartment-syndrome\/\" \/>\n<meta property=\"og:site_name\" content=\"Centre du Genou Gen\u00e8ve\" \/>\n<meta property=\"article:modified_time\" content=\"2025-01-03T10:40:57+00:00\" \/>\n<meta property=\"og:image\" content=\"https:\/\/centredugenougeneve.ch\/wp-content\/uploads\/2020\/06\/CGG-Logo-green.png\" \/>\n\t<meta property=\"og:image:width\" content=\"1000\" \/>\n\t<meta property=\"og:image:height\" content=\"696\" \/>\n\t<meta property=\"og:image:type\" content=\"image\/png\" \/>\n<meta name=\"twitter:card\" content=\"summary_large_image\" \/>\n<meta name=\"twitter:label1\" content=\"Est. reading time\" \/>\n\t<meta name=\"twitter:data1\" content=\"2 minutes\" \/>\n<script type=\"application\/ld+json\" class=\"yoast-schema-graph\">{\"@context\":\"https:\/\/schema.org\",\"@graph\":[{\"@type\":\"WebPage\",\"@id\":\"https:\/\/centredugenougeneve.ch\/en\/chronic-exertional-compartment-syndrome\/\",\"url\":\"https:\/\/centredugenougeneve.ch\/en\/chronic-exertional-compartment-syndrome\/\",\"name\":\"Chronic exertional compartment syndrome - Centre du Genou Gen\u00e8ve\",\"isPartOf\":{\"@id\":\"http:\/\/centredugenougeneve.ch\/en\/#website\"},\"datePublished\":\"2020-10-02T12:40:21+00:00\",\"dateModified\":\"2025-01-03T10:40:57+00:00\",\"description\":\"Symptoms and treatments for chronic exertional compartment syndrome in Geneva. Discover how our sports medicine specialists can help you.\",\"breadcrumb\":{\"@id\":\"https:\/\/centredugenougeneve.ch\/en\/chronic-exertional-compartment-syndrome\/#breadcrumb\"},\"inLanguage\":\"en-US\",\"potentialAction\":[{\"@type\":\"ReadAction\",\"target\":[\"https:\/\/centredugenougeneve.ch\/en\/chronic-exertional-compartment-syndrome\/\"]}]},{\"@type\":\"BreadcrumbList\",\"@id\":\"https:\/\/centredugenougeneve.ch\/en\/chronic-exertional-compartment-syndrome\/#breadcrumb\",\"itemListElement\":[{\"@type\":\"ListItem\",\"position\":1,\"name\":\"Accueil\",\"item\":\"http:\/\/centredugenougeneve.ch\/en\/\"},{\"@type\":\"ListItem\",\"position\":2,\"name\":\"Chronic exertional compartment syndrome\"}]},{\"@type\":\"WebSite\",\"@id\":\"http:\/\/centredugenougeneve.ch\/en\/#website\",\"url\":\"http:\/\/centredugenougeneve.ch\/en\/\",\"name\":\"Centre du Genou Gen\u00e8ve\",\"description\":\"\",\"publisher\":{\"@id\":\"http:\/\/centredugenougeneve.ch\/en\/#organization\"},\"potentialAction\":[{\"@type\":\"SearchAction\",\"target\":{\"@type\":\"EntryPoint\",\"urlTemplate\":\"http:\/\/centredugenougeneve.ch\/en\/?s={search_term_string}\"},\"query-input\":{\"@type\":\"PropertyValueSpecification\",\"valueRequired\":true,\"valueName\":\"search_term_string\"}}],\"inLanguage\":\"en-US\"},{\"@type\":\"Organization\",\"@id\":\"http:\/\/centredugenougeneve.ch\/en\/#organization\",\"name\":\"Centre du Genou Gen\u00e8ve\",\"url\":\"http:\/\/centredugenougeneve.ch\/en\/\",\"logo\":{\"@type\":\"ImageObject\",\"inLanguage\":\"en-US\",\"@id\":\"http:\/\/centredugenougeneve.ch\/en\/#\/schema\/logo\/image\/\",\"url\":\"https:\/\/centredugenougeneve.ch\/wp-content\/uploads\/2020\/06\/CGG-Logo-green.png\",\"contentUrl\":\"https:\/\/centredugenougeneve.ch\/wp-content\/uploads\/2020\/06\/CGG-Logo-green.png\",\"width\":1000,\"height\":696,\"caption\":\"Centre du Genou Gen\u00e8ve\"},\"image\":{\"@id\":\"http:\/\/centredugenougeneve.ch\/en\/#\/schema\/logo\/image\/\"}}]}<\/script>\n<!-- \/ Yoast SEO plugin. -->","yoast_head_json":{"title":"Chronic exertional compartment syndrome - Centre du Genou Gen\u00e8ve","description":"Symptoms and treatments for chronic exertional compartment syndrome in Geneva. Discover how our sports medicine specialists can help you.","robots":{"index":"index","follow":"follow","max-snippet":"max-snippet:-1","max-image-preview":"max-image-preview:large","max-video-preview":"max-video-preview:-1"},"canonical":"https:\/\/centredugenougeneve.ch\/en\/chronic-exertional-compartment-syndrome\/","og_locale":"en_US","og_type":"article","og_title":"Chronic exertional compartment syndrome - Centre du Genou Gen\u00e8ve","og_description":"Symptoms and treatments for chronic exertional compartment syndrome in Geneva. Discover how our sports medicine specialists can help you.","og_url":"https:\/\/centredugenougeneve.ch\/en\/chronic-exertional-compartment-syndrome\/","og_site_name":"Centre du Genou Gen\u00e8ve","article_modified_time":"2025-01-03T10:40:57+00:00","og_image":[{"width":1000,"height":696,"url":"https:\/\/centredugenougeneve.ch\/wp-content\/uploads\/2020\/06\/CGG-Logo-green.png","type":"image\/png"}],"twitter_card":"summary_large_image","twitter_misc":{"Est. reading time":"2 minutes"},"schema":{"@context":"https:\/\/schema.org","@graph":[{"@type":"WebPage","@id":"https:\/\/centredugenougeneve.ch\/en\/chronic-exertional-compartment-syndrome\/","url":"https:\/\/centredugenougeneve.ch\/en\/chronic-exertional-compartment-syndrome\/","name":"Chronic exertional compartment syndrome - Centre du Genou Gen\u00e8ve","isPartOf":{"@id":"http:\/\/centredugenougeneve.ch\/en\/#website"},"datePublished":"2020-10-02T12:40:21+00:00","dateModified":"2025-01-03T10:40:57+00:00","description":"Symptoms and treatments for chronic exertional compartment syndrome in Geneva. Discover how our sports medicine specialists can help you.","breadcrumb":{"@id":"https:\/\/centredugenougeneve.ch\/en\/chronic-exertional-compartment-syndrome\/#breadcrumb"},"inLanguage":"en-US","potentialAction":[{"@type":"ReadAction","target":["https:\/\/centredugenougeneve.ch\/en\/chronic-exertional-compartment-syndrome\/"]}]},{"@type":"BreadcrumbList","@id":"https:\/\/centredugenougeneve.ch\/en\/chronic-exertional-compartment-syndrome\/#breadcrumb","itemListElement":[{"@type":"ListItem","position":1,"name":"Accueil","item":"http:\/\/centredugenougeneve.ch\/en\/"},{"@type":"ListItem","position":2,"name":"Chronic exertional compartment syndrome"}]},{"@type":"WebSite","@id":"http:\/\/centredugenougeneve.ch\/en\/#website","url":"http:\/\/centredugenougeneve.ch\/en\/","name":"Centre du Genou Gen\u00e8ve","description":"","publisher":{"@id":"http:\/\/centredugenougeneve.ch\/en\/#organization"},"potentialAction":[{"@type":"SearchAction","target":{"@type":"EntryPoint","urlTemplate":"http:\/\/centredugenougeneve.ch\/en\/?s={search_term_string}"},"query-input":{"@type":"PropertyValueSpecification","valueRequired":true,"valueName":"search_term_string"}}],"inLanguage":"en-US"},{"@type":"Organization","@id":"http:\/\/centredugenougeneve.ch\/en\/#organization","name":"Centre du Genou Gen\u00e8ve","url":"http:\/\/centredugenougeneve.ch\/en\/","logo":{"@type":"ImageObject","inLanguage":"en-US","@id":"http:\/\/centredugenougeneve.ch\/en\/#\/schema\/logo\/image\/","url":"https:\/\/centredugenougeneve.ch\/wp-content\/uploads\/2020\/06\/CGG-Logo-green.png","contentUrl":"https:\/\/centredugenougeneve.ch\/wp-content\/uploads\/2020\/06\/CGG-Logo-green.png","width":1000,"height":696,"caption":"Centre du Genou Gen\u00e8ve"},"image":{"@id":"http:\/\/centredugenougeneve.ch\/en\/#\/schema\/logo\/image\/"}}]}},"_links":{"self":[{"href":"https:\/\/centredugenougeneve.ch\/en\/wp-json\/wp\/v2\/pages\/861"}],"collection":[{"href":"https:\/\/centredugenougeneve.ch\/en\/wp-json\/wp\/v2\/pages"}],"about":[{"href":"https:\/\/centredugenougeneve.ch\/en\/wp-json\/wp\/v2\/types\/page"}],"author":[{"embeddable":true,"href":"https:\/\/centredugenougeneve.ch\/en\/wp-json\/wp\/v2\/users\/1"}],"replies":[{"embeddable":true,"href":"https:\/\/centredugenougeneve.ch\/en\/wp-json\/wp\/v2\/comments?post=861"}],"version-history":[{"count":2,"href":"https:\/\/centredugenougeneve.ch\/en\/wp-json\/wp\/v2\/pages\/861\/revisions"}],"predecessor-version":[{"id":949,"href":"https:\/\/centredugenougeneve.ch\/en\/wp-json\/wp\/v2\/pages\/861\/revisions\/949"}],"wp:attachment":[{"href":"https:\/\/centredugenougeneve.ch\/en\/wp-json\/wp\/v2\/media?parent=861"}],"curies":[{"name":"wp","href":"https:\/\/api.w.org\/{rel}","templated":true}]}}