{"id":860,"date":"2020-06-19T13:47:48","date_gmt":"2020-06-19T11:47:48","guid":{"rendered":"https:\/\/centredugenougeneve.ch\/osteotomies-du-membre-inferieur\/"},"modified":"2026-04-16T12:00:10","modified_gmt":"2026-04-16T10:00:10","slug":"lower-limb-osteotomy","status":"publish","type":"page","link":"https:\/\/centredugenougeneve.ch\/en\/lower-limb-osteotomy\/","title":{"rendered":"Lower limb osteotomy"},"content":{"rendered":"","protected":false},"excerpt":{"rendered":"<p>Les ost\u00e9otomies du membre inf\u00e9rieur repr\u00e9sentent une s\u00e9rie d&#8217;interventions chirurgicales visant \u00e0 rectifier les d\u00e9fauts d&#8217;axe du membre. Ces d\u00e9formations peuvent \u00eatre d&#8217;origine cong\u00e9nitale ou r\u00e9sulter d&#8217;\u00e9v\u00e9nements traumatiques au cours de la vie, engendrant douleurs et troubles de la marche. <\/p>\n","protected":false},"author":1,"featured_media":0,"parent":0,"menu_order":9,"comment_status":"closed","ping_status":"closed","template":"","meta":{"footnotes":""},"class_list":["post-860","page","type-page","status-publish","hentry"],"yoast_head":"<!-- This site is optimized with the Yoast SEO plugin v24.2 - https:\/\/yoast.com\/wordpress\/plugins\/seo\/ -->\n<title>Lower limb osteotomy - Centre du Genou Gen\u00e8ve<\/title>\n<meta name=\"description\" content=\"We correct bone deformities using precise and minimally invasive surgical techniques, ensuring optimal recovery and an improvement in quality of life.\" \/>\n<meta name=\"robots\" content=\"index, follow, max-snippet:-1, max-image-preview:large, max-video-preview:-1\" \/>\n<link rel=\"canonical\" href=\"https:\/\/centredugenougeneve.ch\/en\/lower-limb-osteotomy\/\" \/>\n<meta property=\"og:locale\" content=\"en_US\" \/>\n<meta property=\"og:type\" content=\"article\" \/>\n<meta property=\"og:title\" content=\"Lower limb osteotomy - Centre du Genou Gen\u00e8ve\" \/>\n<meta property=\"og:description\" content=\"We correct bone deformities using precise and minimally invasive surgical techniques, ensuring optimal recovery and an improvement in quality of life.\" \/>\n<meta property=\"og:url\" content=\"https:\/\/centredugenougeneve.ch\/en\/lower-limb-osteotomy\/\" \/>\n<meta property=\"og:site_name\" content=\"Centre du Genou Gen\u00e8ve\" \/>\n<meta property=\"article:modified_time\" content=\"2026-04-16T10:00:10+00:00\" \/>\n<meta property=\"og:image\" content=\"https:\/\/centredugenougeneve.ch\/wp-content\/uploads\/2020\/06\/CGG-Logo-green.png\" \/>\n\t<meta property=\"og:image:width\" content=\"1000\" \/>\n\t<meta property=\"og:image:height\" content=\"696\" \/>\n\t<meta property=\"og:image:type\" content=\"image\/png\" \/>\n<meta name=\"twitter:card\" content=\"summary_large_image\" \/>\n<meta name=\"twitter:label1\" content=\"Est. reading time\" \/>\n\t<meta name=\"twitter:data1\" content=\"2 minutes\" \/>\n<script type=\"application\/ld+json\" class=\"yoast-schema-graph\">{\"@context\":\"https:\/\/schema.org\",\"@graph\":[{\"@type\":\"WebPage\",\"@id\":\"https:\/\/centredugenougeneve.ch\/en\/lower-limb-osteotomy\/\",\"url\":\"https:\/\/centredugenougeneve.ch\/en\/lower-limb-osteotomy\/\",\"name\":\"Lower limb osteotomy - Centre du Genou Gen\u00e8ve\",\"isPartOf\":{\"@id\":\"https:\/\/centredugenougeneve.ch\/en\/#website\"},\"datePublished\":\"2020-06-19T11:47:48+00:00\",\"dateModified\":\"2026-04-16T10:00:10+00:00\",\"description\":\"We correct bone deformities using precise and minimally invasive surgical techniques, ensuring optimal recovery and an improvement in quality of life.\",\"breadcrumb\":{\"@id\":\"https:\/\/centredugenougeneve.ch\/en\/lower-limb-osteotomy\/#breadcrumb\"},\"inLanguage\":\"en-US\",\"potentialAction\":[{\"@type\":\"ReadAction\",\"target\":[\"https:\/\/centredugenougeneve.ch\/en\/lower-limb-osteotomy\/\"]}]},{\"@type\":\"BreadcrumbList\",\"@id\":\"https:\/\/centredugenougeneve.ch\/en\/lower-limb-osteotomy\/#breadcrumb\",\"itemListElement\":[{\"@type\":\"ListItem\",\"position\":1,\"name\":\"Accueil\",\"item\":\"https:\/\/centredugenougeneve.ch\/en\/\"},{\"@type\":\"ListItem\",\"position\":2,\"name\":\"Lower limb osteotomy\"}]},{\"@type\":\"WebSite\",\"@id\":\"https:\/\/centredugenougeneve.ch\/en\/#website\",\"url\":\"https:\/\/centredugenougeneve.ch\/en\/\",\"name\":\"Centre du Genou Gen\u00e8ve\",\"description\":\"\",\"publisher\":{\"@id\":\"https:\/\/centredugenougeneve.ch\/en\/#organization\"},\"potentialAction\":[{\"@type\":\"SearchAction\",\"target\":{\"@type\":\"EntryPoint\",\"urlTemplate\":\"https:\/\/centredugenougeneve.ch\/en\/?s={search_term_string}\"},\"query-input\":{\"@type\":\"PropertyValueSpecification\",\"valueRequired\":true,\"valueName\":\"search_term_string\"}}],\"inLanguage\":\"en-US\"},{\"@type\":\"Organization\",\"@id\":\"https:\/\/centredugenougeneve.ch\/en\/#organization\",\"name\":\"Centre du Genou Gen\u00e8ve\",\"url\":\"https:\/\/centredugenougeneve.ch\/en\/\",\"logo\":{\"@type\":\"ImageObject\",\"inLanguage\":\"en-US\",\"@id\":\"https:\/\/centredugenougeneve.ch\/en\/#\/schema\/logo\/image\/\",\"url\":\"https:\/\/centredugenougeneve.ch\/wp-content\/uploads\/2020\/06\/CGG-Logo-green.png\",\"contentUrl\":\"https:\/\/centredugenougeneve.ch\/wp-content\/uploads\/2020\/06\/CGG-Logo-green.png\",\"width\":1000,\"height\":696,\"caption\":\"Centre du Genou Gen\u00e8ve\"},\"image\":{\"@id\":\"https:\/\/centredugenougeneve.ch\/en\/#\/schema\/logo\/image\/\"}}]}<\/script>\n<!-- \/ Yoast SEO plugin. -->","yoast_head_json":{"title":"Lower limb osteotomy - Centre du Genou Gen\u00e8ve","description":"We correct bone deformities using precise and minimally invasive surgical techniques, ensuring optimal recovery and an improvement in quality of life.","robots":{"index":"index","follow":"follow","max-snippet":"max-snippet:-1","max-image-preview":"max-image-preview:large","max-video-preview":"max-video-preview:-1"},"canonical":"https:\/\/centredugenougeneve.ch\/en\/lower-limb-osteotomy\/","og_locale":"en_US","og_type":"article","og_title":"Lower limb osteotomy - Centre du Genou Gen\u00e8ve","og_description":"We correct bone deformities using precise and minimally invasive surgical techniques, ensuring optimal recovery and an improvement in quality of life.","og_url":"https:\/\/centredugenougeneve.ch\/en\/lower-limb-osteotomy\/","og_site_name":"Centre du Genou Gen\u00e8ve","article_modified_time":"2026-04-16T10:00:10+00:00","og_image":[{"width":1000,"height":696,"url":"https:\/\/centredugenougeneve.ch\/wp-content\/uploads\/2020\/06\/CGG-Logo-green.png","type":"image\/png"}],"twitter_card":"summary_large_image","twitter_misc":{"Est. reading time":"2 minutes"},"schema":{"@context":"https:\/\/schema.org","@graph":[{"@type":"WebPage","@id":"https:\/\/centredugenougeneve.ch\/en\/lower-limb-osteotomy\/","url":"https:\/\/centredugenougeneve.ch\/en\/lower-limb-osteotomy\/","name":"Lower limb osteotomy - Centre du Genou Gen\u00e8ve","isPartOf":{"@id":"https:\/\/centredugenougeneve.ch\/en\/#website"},"datePublished":"2020-06-19T11:47:48+00:00","dateModified":"2026-04-16T10:00:10+00:00","description":"We correct bone deformities using precise and minimally invasive surgical techniques, ensuring optimal recovery and an improvement in quality of life.","breadcrumb":{"@id":"https:\/\/centredugenougeneve.ch\/en\/lower-limb-osteotomy\/#breadcrumb"},"inLanguage":"en-US","potentialAction":[{"@type":"ReadAction","target":["https:\/\/centredugenougeneve.ch\/en\/lower-limb-osteotomy\/"]}]},{"@type":"BreadcrumbList","@id":"https:\/\/centredugenougeneve.ch\/en\/lower-limb-osteotomy\/#breadcrumb","itemListElement":[{"@type":"ListItem","position":1,"name":"Accueil","item":"https:\/\/centredugenougeneve.ch\/en\/"},{"@type":"ListItem","position":2,"name":"Lower limb osteotomy"}]},{"@type":"WebSite","@id":"https:\/\/centredugenougeneve.ch\/en\/#website","url":"https:\/\/centredugenougeneve.ch\/en\/","name":"Centre du Genou Gen\u00e8ve","description":"","publisher":{"@id":"https:\/\/centredugenougeneve.ch\/en\/#organization"},"potentialAction":[{"@type":"SearchAction","target":{"@type":"EntryPoint","urlTemplate":"https:\/\/centredugenougeneve.ch\/en\/?s={search_term_string}"},"query-input":{"@type":"PropertyValueSpecification","valueRequired":true,"valueName":"search_term_string"}}],"inLanguage":"en-US"},{"@type":"Organization","@id":"https:\/\/centredugenougeneve.ch\/en\/#organization","name":"Centre du Genou Gen\u00e8ve","url":"https:\/\/centredugenougeneve.ch\/en\/","logo":{"@type":"ImageObject","inLanguage":"en-US","@id":"https:\/\/centredugenougeneve.ch\/en\/#\/schema\/logo\/image\/","url":"https:\/\/centredugenougeneve.ch\/wp-content\/uploads\/2020\/06\/CGG-Logo-green.png","contentUrl":"https:\/\/centredugenougeneve.ch\/wp-content\/uploads\/2020\/06\/CGG-Logo-green.png","width":1000,"height":696,"caption":"Centre du Genou Gen\u00e8ve"},"image":{"@id":"https:\/\/centredugenougeneve.ch\/en\/#\/schema\/logo\/image\/"}}]}},"_links":{"self":[{"href":"https:\/\/centredugenougeneve.ch\/en\/wp-json\/wp\/v2\/pages\/860"}],"collection":[{"href":"https:\/\/centredugenougeneve.ch\/en\/wp-json\/wp\/v2\/pages"}],"about":[{"href":"https:\/\/centredugenougeneve.ch\/en\/wp-json\/wp\/v2\/types\/page"}],"author":[{"embeddable":true,"href":"https:\/\/centredugenougeneve.ch\/en\/wp-json\/wp\/v2\/users\/1"}],"replies":[{"embeddable":true,"href":"https:\/\/centredugenougeneve.ch\/en\/wp-json\/wp\/v2\/comments?post=860"}],"version-history":[{"count":2,"href":"https:\/\/centredugenougeneve.ch\/en\/wp-json\/wp\/v2\/pages\/860\/revisions"}],"predecessor-version":[{"id":921,"href":"https:\/\/centredugenougeneve.ch\/en\/wp-json\/wp\/v2\/pages\/860\/revisions\/921"}],"wp:attachment":[{"href":"https:\/\/centredugenougeneve.ch\/en\/wp-json\/wp\/v2\/media?parent=860"}],"curies":[{"name":"wp","href":"https:\/\/api.w.org\/{rel}","templated":true}]}}