{"id":854,"date":"2020-10-02T14:35:29","date_gmt":"2020-10-02T12:35:29","guid":{"rendered":"https:\/\/centredugenougeneve.ch\/instabilite-femoro-patellaire\/"},"modified":"2026-04-16T11:52:34","modified_gmt":"2026-04-16T09:52:34","slug":"femoro-patellar-instability","status":"publish","type":"page","link":"https:\/\/centredugenougeneve.ch\/en\/femoro-patellar-instability\/","title":{"rendered":"Femoro-patellar instability"},"content":{"rendered":"","protected":false},"excerpt":{"rendered":"<p>La luxation de rotule survient lorsque la rotule sort de sa position naturelle en glissant en dehors de la trochl\u00e9e f\u00e9morale. Elle peut survenir apr\u00e8s un choc direct sur la rotule ou lors d\u2019un mouvement de rotation du genou. <\/p>\n","protected":false},"author":1,"featured_media":0,"parent":0,"menu_order":5,"comment_status":"closed","ping_status":"closed","template":"","meta":{"footnotes":""},"class_list":["post-854","page","type-page","status-publish","hentry"],"yoast_head":"<!-- This site is optimized with the Yoast SEO plugin v24.2 - https:\/\/yoast.com\/wordpress\/plugins\/seo\/ -->\n<title>Femoro-patellar instability - Centre du Genou Gen\u00e8ve<\/title>\n<meta name=\"description\" content=\"Patellar dislocation occurs when the kneecap moves out of its natural position. Discover the causes, risk factors, and treatments to stabilize the kneecap and prevent recurrence.\" \/>\n<meta name=\"robots\" content=\"index, follow, max-snippet:-1, max-image-preview:large, max-video-preview:-1\" \/>\n<link rel=\"canonical\" href=\"https:\/\/centredugenougeneve.ch\/en\/femoro-patellar-instability\/\" \/>\n<meta property=\"og:locale\" content=\"en_US\" \/>\n<meta property=\"og:type\" content=\"article\" \/>\n<meta property=\"og:title\" content=\"Femoro-patellar instability - Centre du Genou Gen\u00e8ve\" \/>\n<meta property=\"og:description\" content=\"Patellar dislocation occurs when the kneecap moves out of its natural position. Discover the causes, risk factors, and treatments to stabilize the kneecap and prevent recurrence.\" \/>\n<meta property=\"og:url\" content=\"https:\/\/centredugenougeneve.ch\/en\/femoro-patellar-instability\/\" \/>\n<meta property=\"og:site_name\" content=\"Centre du Genou Gen\u00e8ve\" \/>\n<meta property=\"article:modified_time\" content=\"2026-04-16T09:52:34+00:00\" \/>\n<meta property=\"og:image\" content=\"https:\/\/centredugenougeneve.ch\/wp-content\/uploads\/2020\/06\/CGG-Logo-green.png\" \/>\n\t<meta property=\"og:image:width\" content=\"1000\" \/>\n\t<meta property=\"og:image:height\" content=\"696\" \/>\n\t<meta property=\"og:image:type\" content=\"image\/png\" \/>\n<meta name=\"twitter:card\" content=\"summary_large_image\" \/>\n<meta name=\"twitter:label1\" content=\"Est. reading time\" \/>\n\t<meta name=\"twitter:data1\" content=\"2 minutes\" \/>\n<script type=\"application\/ld+json\" class=\"yoast-schema-graph\">{\"@context\":\"https:\/\/schema.org\",\"@graph\":[{\"@type\":\"WebPage\",\"@id\":\"https:\/\/centredugenougeneve.ch\/en\/femoro-patellar-instability\/\",\"url\":\"https:\/\/centredugenougeneve.ch\/en\/femoro-patellar-instability\/\",\"name\":\"Femoro-patellar instability - Centre du Genou Gen\u00e8ve\",\"isPartOf\":{\"@id\":\"https:\/\/centredugenougeneve.ch\/en\/#website\"},\"datePublished\":\"2020-10-02T12:35:29+00:00\",\"dateModified\":\"2026-04-16T09:52:34+00:00\",\"description\":\"Patellar dislocation occurs when the kneecap moves out of its natural position. Discover the causes, risk factors, and treatments to stabilize the kneecap and prevent recurrence.\",\"breadcrumb\":{\"@id\":\"https:\/\/centredugenougeneve.ch\/en\/femoro-patellar-instability\/#breadcrumb\"},\"inLanguage\":\"en-US\",\"potentialAction\":[{\"@type\":\"ReadAction\",\"target\":[\"https:\/\/centredugenougeneve.ch\/en\/femoro-patellar-instability\/\"]}]},{\"@type\":\"BreadcrumbList\",\"@id\":\"https:\/\/centredugenougeneve.ch\/en\/femoro-patellar-instability\/#breadcrumb\",\"itemListElement\":[{\"@type\":\"ListItem\",\"position\":1,\"name\":\"Accueil\",\"item\":\"https:\/\/centredugenougeneve.ch\/en\/\"},{\"@type\":\"ListItem\",\"position\":2,\"name\":\"Femoro-patellar instability\"}]},{\"@type\":\"WebSite\",\"@id\":\"https:\/\/centredugenougeneve.ch\/en\/#website\",\"url\":\"https:\/\/centredugenougeneve.ch\/en\/\",\"name\":\"Centre du Genou Gen\u00e8ve\",\"description\":\"\",\"publisher\":{\"@id\":\"https:\/\/centredugenougeneve.ch\/en\/#organization\"},\"potentialAction\":[{\"@type\":\"SearchAction\",\"target\":{\"@type\":\"EntryPoint\",\"urlTemplate\":\"https:\/\/centredugenougeneve.ch\/en\/?s={search_term_string}\"},\"query-input\":{\"@type\":\"PropertyValueSpecification\",\"valueRequired\":true,\"valueName\":\"search_term_string\"}}],\"inLanguage\":\"en-US\"},{\"@type\":\"Organization\",\"@id\":\"https:\/\/centredugenougeneve.ch\/en\/#organization\",\"name\":\"Centre du Genou Gen\u00e8ve\",\"url\":\"https:\/\/centredugenougeneve.ch\/en\/\",\"logo\":{\"@type\":\"ImageObject\",\"inLanguage\":\"en-US\",\"@id\":\"https:\/\/centredugenougeneve.ch\/en\/#\/schema\/logo\/image\/\",\"url\":\"https:\/\/centredugenougeneve.ch\/wp-content\/uploads\/2020\/06\/CGG-Logo-green.png\",\"contentUrl\":\"https:\/\/centredugenougeneve.ch\/wp-content\/uploads\/2020\/06\/CGG-Logo-green.png\",\"width\":1000,\"height\":696,\"caption\":\"Centre du Genou Gen\u00e8ve\"},\"image\":{\"@id\":\"https:\/\/centredugenougeneve.ch\/en\/#\/schema\/logo\/image\/\"}}]}<\/script>\n<!-- \/ Yoast SEO plugin. -->","yoast_head_json":{"title":"Femoro-patellar instability - Centre du Genou Gen\u00e8ve","description":"Patellar dislocation occurs when the kneecap moves out of its natural position. Discover the causes, risk factors, and treatments to stabilize the kneecap and prevent recurrence.","robots":{"index":"index","follow":"follow","max-snippet":"max-snippet:-1","max-image-preview":"max-image-preview:large","max-video-preview":"max-video-preview:-1"},"canonical":"https:\/\/centredugenougeneve.ch\/en\/femoro-patellar-instability\/","og_locale":"en_US","og_type":"article","og_title":"Femoro-patellar instability - Centre du Genou Gen\u00e8ve","og_description":"Patellar dislocation occurs when the kneecap moves out of its natural position. Discover the causes, risk factors, and treatments to stabilize the kneecap and prevent recurrence.","og_url":"https:\/\/centredugenougeneve.ch\/en\/femoro-patellar-instability\/","og_site_name":"Centre du Genou Gen\u00e8ve","article_modified_time":"2026-04-16T09:52:34+00:00","og_image":[{"width":1000,"height":696,"url":"https:\/\/centredugenougeneve.ch\/wp-content\/uploads\/2020\/06\/CGG-Logo-green.png","type":"image\/png"}],"twitter_card":"summary_large_image","twitter_misc":{"Est. reading time":"2 minutes"},"schema":{"@context":"https:\/\/schema.org","@graph":[{"@type":"WebPage","@id":"https:\/\/centredugenougeneve.ch\/en\/femoro-patellar-instability\/","url":"https:\/\/centredugenougeneve.ch\/en\/femoro-patellar-instability\/","name":"Femoro-patellar instability - Centre du Genou Gen\u00e8ve","isPartOf":{"@id":"https:\/\/centredugenougeneve.ch\/en\/#website"},"datePublished":"2020-10-02T12:35:29+00:00","dateModified":"2026-04-16T09:52:34+00:00","description":"Patellar dislocation occurs when the kneecap moves out of its natural position. Discover the causes, risk factors, and treatments to stabilize the kneecap and prevent recurrence.","breadcrumb":{"@id":"https:\/\/centredugenougeneve.ch\/en\/femoro-patellar-instability\/#breadcrumb"},"inLanguage":"en-US","potentialAction":[{"@type":"ReadAction","target":["https:\/\/centredugenougeneve.ch\/en\/femoro-patellar-instability\/"]}]},{"@type":"BreadcrumbList","@id":"https:\/\/centredugenougeneve.ch\/en\/femoro-patellar-instability\/#breadcrumb","itemListElement":[{"@type":"ListItem","position":1,"name":"Accueil","item":"https:\/\/centredugenougeneve.ch\/en\/"},{"@type":"ListItem","position":2,"name":"Femoro-patellar instability"}]},{"@type":"WebSite","@id":"https:\/\/centredugenougeneve.ch\/en\/#website","url":"https:\/\/centredugenougeneve.ch\/en\/","name":"Centre du Genou Gen\u00e8ve","description":"","publisher":{"@id":"https:\/\/centredugenougeneve.ch\/en\/#organization"},"potentialAction":[{"@type":"SearchAction","target":{"@type":"EntryPoint","urlTemplate":"https:\/\/centredugenougeneve.ch\/en\/?s={search_term_string}"},"query-input":{"@type":"PropertyValueSpecification","valueRequired":true,"valueName":"search_term_string"}}],"inLanguage":"en-US"},{"@type":"Organization","@id":"https:\/\/centredugenougeneve.ch\/en\/#organization","name":"Centre du Genou Gen\u00e8ve","url":"https:\/\/centredugenougeneve.ch\/en\/","logo":{"@type":"ImageObject","inLanguage":"en-US","@id":"https:\/\/centredugenougeneve.ch\/en\/#\/schema\/logo\/image\/","url":"https:\/\/centredugenougeneve.ch\/wp-content\/uploads\/2020\/06\/CGG-Logo-green.png","contentUrl":"https:\/\/centredugenougeneve.ch\/wp-content\/uploads\/2020\/06\/CGG-Logo-green.png","width":1000,"height":696,"caption":"Centre du Genou Gen\u00e8ve"},"image":{"@id":"https:\/\/centredugenougeneve.ch\/en\/#\/schema\/logo\/image\/"}}]}},"_links":{"self":[{"href":"https:\/\/centredugenougeneve.ch\/en\/wp-json\/wp\/v2\/pages\/854"}],"collection":[{"href":"https:\/\/centredugenougeneve.ch\/en\/wp-json\/wp\/v2\/pages"}],"about":[{"href":"https:\/\/centredugenougeneve.ch\/en\/wp-json\/wp\/v2\/types\/page"}],"author":[{"embeddable":true,"href":"https:\/\/centredugenougeneve.ch\/en\/wp-json\/wp\/v2\/users\/1"}],"replies":[{"embeddable":true,"href":"https:\/\/centredugenougeneve.ch\/en\/wp-json\/wp\/v2\/comments?post=854"}],"version-history":[{"count":2,"href":"https:\/\/centredugenougeneve.ch\/en\/wp-json\/wp\/v2\/pages\/854\/revisions"}],"predecessor-version":[{"id":948,"href":"https:\/\/centredugenougeneve.ch\/en\/wp-json\/wp\/v2\/pages\/854\/revisions\/948"}],"wp:attachment":[{"href":"https:\/\/centredugenougeneve.ch\/en\/wp-json\/wp\/v2\/media?parent=854"}],"curies":[{"name":"wp","href":"https:\/\/api.w.org\/{rel}","templated":true}]}}