{"id":849,"date":"2020-10-02T14:38:39","date_gmt":"2020-10-02T12:38:39","guid":{"rendered":"https:\/\/centredugenougeneve.ch\/lesion-de-cartilage\/"},"modified":"2026-04-16T11:51:45","modified_gmt":"2026-04-16T09:51:45","slug":"cartilage-damage","status":"publish","type":"page","link":"https:\/\/centredugenougeneve.ch\/en\/cartilage-damage\/","title":{"rendered":"Cartilage damage"},"content":{"rendered":"","protected":false},"excerpt":{"rendered":"<p>Le cartilage articulaire est un tissu \u00e9lastique et r\u00e9silient qui recouvre les extr\u00e9mit\u00e9s des os au niveau des articulations. Avec sa surface lisse et \u00e9lastique, il joue un r\u00f4le crucial pour assurer les mouvements articulaires sans douleurs entre deux os. Ce tissu sp\u00e9cialis\u00e9 a la capacit\u00e9 de minimiser les forces de friction tout en r\u00e9partissant efficacement les charges lors de divers mouvements et activit\u00e9s.<\/p>\n","protected":false},"author":1,"featured_media":0,"parent":0,"menu_order":4,"comment_status":"closed","ping_status":"closed","template":"","meta":{"footnotes":""},"class_list":["post-849","page","type-page","status-publish","hentry"],"yoast_head":"<!-- This site is optimized with the Yoast SEO plugin v24.2 - https:\/\/yoast.com\/wordpress\/plugins\/seo\/ -->\n<title>Cartilage damage - Centre du Genou Gen\u00e8ve<\/title>\n<meta name=\"description\" content=\"Discover the importance of articular cartilage for pain-free movement. Learn how to identify the different types of cartilage injuries, their causes, and explore various therapeutic approaches for optimal treatment.\" \/>\n<meta name=\"robots\" content=\"index, follow, max-snippet:-1, max-image-preview:large, max-video-preview:-1\" \/>\n<link rel=\"canonical\" href=\"https:\/\/centredugenougeneve.ch\/en\/cartilage-damage\/\" \/>\n<meta property=\"og:locale\" content=\"en_US\" \/>\n<meta property=\"og:type\" content=\"article\" \/>\n<meta property=\"og:title\" content=\"Cartilage damage - Centre du Genou Gen\u00e8ve\" \/>\n<meta property=\"og:description\" content=\"Discover the importance of articular cartilage for pain-free movement. Learn how to identify the different types of cartilage injuries, their causes, and explore various therapeutic approaches for optimal treatment.\" \/>\n<meta property=\"og:url\" content=\"https:\/\/centredugenougeneve.ch\/en\/cartilage-damage\/\" \/>\n<meta property=\"og:site_name\" content=\"Centre du Genou Gen\u00e8ve\" \/>\n<meta property=\"article:modified_time\" content=\"2026-04-16T09:51:45+00:00\" \/>\n<meta property=\"og:image\" content=\"https:\/\/centredugenougeneve.ch\/wp-content\/uploads\/2020\/06\/CGG-Logo-green.png\" \/>\n\t<meta property=\"og:image:width\" content=\"1000\" \/>\n\t<meta property=\"og:image:height\" content=\"696\" \/>\n\t<meta property=\"og:image:type\" content=\"image\/png\" \/>\n<meta name=\"twitter:card\" content=\"summary_large_image\" \/>\n<meta name=\"twitter:label1\" content=\"Est. reading time\" \/>\n\t<meta name=\"twitter:data1\" content=\"3 minutes\" \/>\n<script type=\"application\/ld+json\" class=\"yoast-schema-graph\">{\"@context\":\"https:\/\/schema.org\",\"@graph\":[{\"@type\":\"WebPage\",\"@id\":\"https:\/\/centredugenougeneve.ch\/en\/cartilage-damage\/\",\"url\":\"https:\/\/centredugenougeneve.ch\/en\/cartilage-damage\/\",\"name\":\"Cartilage damage - Centre du Genou Gen\u00e8ve\",\"isPartOf\":{\"@id\":\"https:\/\/centredugenougeneve.ch\/en\/#website\"},\"datePublished\":\"2020-10-02T12:38:39+00:00\",\"dateModified\":\"2026-04-16T09:51:45+00:00\",\"description\":\"Discover the importance of articular cartilage for pain-free movement. Learn how to identify the different types of cartilage injuries, their causes, and explore various therapeutic approaches for optimal treatment.\",\"breadcrumb\":{\"@id\":\"https:\/\/centredugenougeneve.ch\/en\/cartilage-damage\/#breadcrumb\"},\"inLanguage\":\"en-US\",\"potentialAction\":[{\"@type\":\"ReadAction\",\"target\":[\"https:\/\/centredugenougeneve.ch\/en\/cartilage-damage\/\"]}]},{\"@type\":\"BreadcrumbList\",\"@id\":\"https:\/\/centredugenougeneve.ch\/en\/cartilage-damage\/#breadcrumb\",\"itemListElement\":[{\"@type\":\"ListItem\",\"position\":1,\"name\":\"Accueil\",\"item\":\"https:\/\/centredugenougeneve.ch\/en\/\"},{\"@type\":\"ListItem\",\"position\":2,\"name\":\"Cartilage damage\"}]},{\"@type\":\"WebSite\",\"@id\":\"https:\/\/centredugenougeneve.ch\/en\/#website\",\"url\":\"https:\/\/centredugenougeneve.ch\/en\/\",\"name\":\"Centre du Genou Gen\u00e8ve\",\"description\":\"\",\"publisher\":{\"@id\":\"https:\/\/centredugenougeneve.ch\/en\/#organization\"},\"potentialAction\":[{\"@type\":\"SearchAction\",\"target\":{\"@type\":\"EntryPoint\",\"urlTemplate\":\"https:\/\/centredugenougeneve.ch\/en\/?s={search_term_string}\"},\"query-input\":{\"@type\":\"PropertyValueSpecification\",\"valueRequired\":true,\"valueName\":\"search_term_string\"}}],\"inLanguage\":\"en-US\"},{\"@type\":\"Organization\",\"@id\":\"https:\/\/centredugenougeneve.ch\/en\/#organization\",\"name\":\"Centre du Genou Gen\u00e8ve\",\"url\":\"https:\/\/centredugenougeneve.ch\/en\/\",\"logo\":{\"@type\":\"ImageObject\",\"inLanguage\":\"en-US\",\"@id\":\"https:\/\/centredugenougeneve.ch\/en\/#\/schema\/logo\/image\/\",\"url\":\"https:\/\/centredugenougeneve.ch\/wp-content\/uploads\/2020\/06\/CGG-Logo-green.png\",\"contentUrl\":\"https:\/\/centredugenougeneve.ch\/wp-content\/uploads\/2020\/06\/CGG-Logo-green.png\",\"width\":1000,\"height\":696,\"caption\":\"Centre du Genou Gen\u00e8ve\"},\"image\":{\"@id\":\"https:\/\/centredugenougeneve.ch\/en\/#\/schema\/logo\/image\/\"}}]}<\/script>\n<!-- \/ Yoast SEO plugin. -->","yoast_head_json":{"title":"Cartilage damage - Centre du Genou Gen\u00e8ve","description":"Discover the importance of articular cartilage for pain-free movement. Learn how to identify the different types of cartilage injuries, their causes, and explore various therapeutic approaches for optimal treatment.","robots":{"index":"index","follow":"follow","max-snippet":"max-snippet:-1","max-image-preview":"max-image-preview:large","max-video-preview":"max-video-preview:-1"},"canonical":"https:\/\/centredugenougeneve.ch\/en\/cartilage-damage\/","og_locale":"en_US","og_type":"article","og_title":"Cartilage damage - Centre du Genou Gen\u00e8ve","og_description":"Discover the importance of articular cartilage for pain-free movement. Learn how to identify the different types of cartilage injuries, their causes, and explore various therapeutic approaches for optimal treatment.","og_url":"https:\/\/centredugenougeneve.ch\/en\/cartilage-damage\/","og_site_name":"Centre du Genou Gen\u00e8ve","article_modified_time":"2026-04-16T09:51:45+00:00","og_image":[{"width":1000,"height":696,"url":"https:\/\/centredugenougeneve.ch\/wp-content\/uploads\/2020\/06\/CGG-Logo-green.png","type":"image\/png"}],"twitter_card":"summary_large_image","twitter_misc":{"Est. reading time":"3 minutes"},"schema":{"@context":"https:\/\/schema.org","@graph":[{"@type":"WebPage","@id":"https:\/\/centredugenougeneve.ch\/en\/cartilage-damage\/","url":"https:\/\/centredugenougeneve.ch\/en\/cartilage-damage\/","name":"Cartilage damage - Centre du Genou Gen\u00e8ve","isPartOf":{"@id":"https:\/\/centredugenougeneve.ch\/en\/#website"},"datePublished":"2020-10-02T12:38:39+00:00","dateModified":"2026-04-16T09:51:45+00:00","description":"Discover the importance of articular cartilage for pain-free movement. Learn how to identify the different types of cartilage injuries, their causes, and explore various therapeutic approaches for optimal treatment.","breadcrumb":{"@id":"https:\/\/centredugenougeneve.ch\/en\/cartilage-damage\/#breadcrumb"},"inLanguage":"en-US","potentialAction":[{"@type":"ReadAction","target":["https:\/\/centredugenougeneve.ch\/en\/cartilage-damage\/"]}]},{"@type":"BreadcrumbList","@id":"https:\/\/centredugenougeneve.ch\/en\/cartilage-damage\/#breadcrumb","itemListElement":[{"@type":"ListItem","position":1,"name":"Accueil","item":"https:\/\/centredugenougeneve.ch\/en\/"},{"@type":"ListItem","position":2,"name":"Cartilage damage"}]},{"@type":"WebSite","@id":"https:\/\/centredugenougeneve.ch\/en\/#website","url":"https:\/\/centredugenougeneve.ch\/en\/","name":"Centre du Genou Gen\u00e8ve","description":"","publisher":{"@id":"https:\/\/centredugenougeneve.ch\/en\/#organization"},"potentialAction":[{"@type":"SearchAction","target":{"@type":"EntryPoint","urlTemplate":"https:\/\/centredugenougeneve.ch\/en\/?s={search_term_string}"},"query-input":{"@type":"PropertyValueSpecification","valueRequired":true,"valueName":"search_term_string"}}],"inLanguage":"en-US"},{"@type":"Organization","@id":"https:\/\/centredugenougeneve.ch\/en\/#organization","name":"Centre du Genou Gen\u00e8ve","url":"https:\/\/centredugenougeneve.ch\/en\/","logo":{"@type":"ImageObject","inLanguage":"en-US","@id":"https:\/\/centredugenougeneve.ch\/en\/#\/schema\/logo\/image\/","url":"https:\/\/centredugenougeneve.ch\/wp-content\/uploads\/2020\/06\/CGG-Logo-green.png","contentUrl":"https:\/\/centredugenougeneve.ch\/wp-content\/uploads\/2020\/06\/CGG-Logo-green.png","width":1000,"height":696,"caption":"Centre du Genou Gen\u00e8ve"},"image":{"@id":"https:\/\/centredugenougeneve.ch\/en\/#\/schema\/logo\/image\/"}}]}},"_links":{"self":[{"href":"https:\/\/centredugenougeneve.ch\/en\/wp-json\/wp\/v2\/pages\/849"}],"collection":[{"href":"https:\/\/centredugenougeneve.ch\/en\/wp-json\/wp\/v2\/pages"}],"about":[{"href":"https:\/\/centredugenougeneve.ch\/en\/wp-json\/wp\/v2\/types\/page"}],"author":[{"embeddable":true,"href":"https:\/\/centredugenougeneve.ch\/en\/wp-json\/wp\/v2\/users\/1"}],"replies":[{"embeddable":true,"href":"https:\/\/centredugenougeneve.ch\/en\/wp-json\/wp\/v2\/comments?post=849"}],"version-history":[{"count":2,"href":"https:\/\/centredugenougeneve.ch\/en\/wp-json\/wp\/v2\/pages\/849\/revisions"}],"predecessor-version":[{"id":902,"href":"https:\/\/centredugenougeneve.ch\/en\/wp-json\/wp\/v2\/pages\/849\/revisions\/902"}],"wp:attachment":[{"href":"https:\/\/centredugenougeneve.ch\/en\/wp-json\/wp\/v2\/media?parent=849"}],"curies":[{"name":"wp","href":"https:\/\/api.w.org\/{rel}","templated":true}]}}