{"id":846,"date":"2020-10-02T15:28:11","date_gmt":"2020-10-02T13:28:11","guid":{"rendered":"https:\/\/centredugenougeneve.ch\/prothese-totale-du-genou\/"},"modified":"2026-04-16T12:01:34","modified_gmt":"2026-04-16T10:01:34","slug":"total-knee-arthroplasty","status":"publish","type":"page","link":"https:\/\/centredugenougeneve.ch\/en\/total-knee-arthroplasty\/","title":{"rendered":"Total knee arthroplasty (TKA)"},"content":{"rendered":"","protected":false},"excerpt":{"rendered":"<p>La proth\u00e8se totale du genou (PTG) est une intervention chirurgicale qui vise \u00e0 remplacer une articulation du genou endommag\u00e9e ou us\u00e9e. Face \u00e0 des pathologies d\u00e9g\u00e9n\u00e9ratives du genou, la PTG est devenue une option de traitement privil\u00e9gi\u00e9e, offrant soulagement et am\u00e9lioration de la mobilit\u00e9 aux patients.<\/p>\n","protected":false},"author":1,"featured_media":0,"parent":0,"menu_order":1,"comment_status":"closed","ping_status":"closed","template":"","meta":{"footnotes":""},"class_list":["post-846","page","type-page","status-publish","hentry"],"yoast_head":"<!-- This site is optimized with the Yoast SEO plugin v24.2 - https:\/\/yoast.com\/wordpress\/plugins\/seo\/ -->\n<title>Total knee arthroplasty (TKA) - Centre du Genou Gen\u00e8ve<\/title>\n<meta name=\"description\" content=\"An advanced surgical solution to restore mobility with unparalleled precision, utilizing technologies such as MAKO robotics and augmented reality. At the Geneva Knee Center, we offer personalized care with a survival rate of over 95% at 10 years.\" \/>\n<meta name=\"robots\" content=\"index, follow, max-snippet:-1, max-image-preview:large, max-video-preview:-1\" \/>\n<link rel=\"canonical\" href=\"https:\/\/centredugenougeneve.ch\/en\/total-knee-arthroplasty\/\" \/>\n<meta property=\"og:locale\" content=\"en_US\" \/>\n<meta property=\"og:type\" content=\"article\" \/>\n<meta property=\"og:title\" content=\"Total knee arthroplasty (TKA) - Centre du Genou Gen\u00e8ve\" \/>\n<meta property=\"og:description\" content=\"An advanced surgical solution to restore mobility with unparalleled precision, utilizing technologies such as MAKO robotics and augmented reality. At the Geneva Knee Center, we offer personalized care with a survival rate of over 95% at 10 years.\" \/>\n<meta property=\"og:url\" content=\"https:\/\/centredugenougeneve.ch\/en\/total-knee-arthroplasty\/\" \/>\n<meta property=\"og:site_name\" content=\"Centre du Genou Gen\u00e8ve\" \/>\n<meta property=\"article:modified_time\" content=\"2026-04-16T10:01:34+00:00\" \/>\n<meta property=\"og:image\" content=\"https:\/\/centredugenougeneve.ch\/wp-content\/uploads\/2020\/06\/CGG-Logo-green.png\" \/>\n\t<meta property=\"og:image:width\" content=\"1000\" \/>\n\t<meta property=\"og:image:height\" content=\"696\" \/>\n\t<meta property=\"og:image:type\" content=\"image\/png\" \/>\n<meta name=\"twitter:card\" content=\"summary_large_image\" \/>\n<meta name=\"twitter:label1\" content=\"Est. reading time\" \/>\n\t<meta name=\"twitter:data1\" content=\"5 minutes\" \/>\n<script type=\"application\/ld+json\" class=\"yoast-schema-graph\">{\"@context\":\"https:\/\/schema.org\",\"@graph\":[{\"@type\":\"WebPage\",\"@id\":\"https:\/\/centredugenougeneve.ch\/en\/total-knee-arthroplasty\/\",\"url\":\"https:\/\/centredugenougeneve.ch\/en\/total-knee-arthroplasty\/\",\"name\":\"Total knee arthroplasty (TKA) - Centre du Genou Gen\u00e8ve\",\"isPartOf\":{\"@id\":\"https:\/\/centredugenougeneve.ch\/en\/#website\"},\"datePublished\":\"2020-10-02T13:28:11+00:00\",\"dateModified\":\"2026-04-16T10:01:34+00:00\",\"description\":\"An advanced surgical solution to restore mobility with unparalleled precision, utilizing technologies such as MAKO robotics and augmented reality. At the Geneva Knee Center, we offer personalized care with a survival rate of over 95% at 10 years.\",\"breadcrumb\":{\"@id\":\"https:\/\/centredugenougeneve.ch\/en\/total-knee-arthroplasty\/#breadcrumb\"},\"inLanguage\":\"en-US\",\"potentialAction\":[{\"@type\":\"ReadAction\",\"target\":[\"https:\/\/centredugenougeneve.ch\/en\/total-knee-arthroplasty\/\"]}]},{\"@type\":\"BreadcrumbList\",\"@id\":\"https:\/\/centredugenougeneve.ch\/en\/total-knee-arthroplasty\/#breadcrumb\",\"itemListElement\":[{\"@type\":\"ListItem\",\"position\":1,\"name\":\"Accueil\",\"item\":\"https:\/\/centredugenougeneve.ch\/en\/\"},{\"@type\":\"ListItem\",\"position\":2,\"name\":\"Total knee arthroplasty (TKA)\"}]},{\"@type\":\"WebSite\",\"@id\":\"https:\/\/centredugenougeneve.ch\/en\/#website\",\"url\":\"https:\/\/centredugenougeneve.ch\/en\/\",\"name\":\"Centre du Genou Gen\u00e8ve\",\"description\":\"\",\"publisher\":{\"@id\":\"https:\/\/centredugenougeneve.ch\/en\/#organization\"},\"potentialAction\":[{\"@type\":\"SearchAction\",\"target\":{\"@type\":\"EntryPoint\",\"urlTemplate\":\"https:\/\/centredugenougeneve.ch\/en\/?s={search_term_string}\"},\"query-input\":{\"@type\":\"PropertyValueSpecification\",\"valueRequired\":true,\"valueName\":\"search_term_string\"}}],\"inLanguage\":\"en-US\"},{\"@type\":\"Organization\",\"@id\":\"https:\/\/centredugenougeneve.ch\/en\/#organization\",\"name\":\"Centre du Genou Gen\u00e8ve\",\"url\":\"https:\/\/centredugenougeneve.ch\/en\/\",\"logo\":{\"@type\":\"ImageObject\",\"inLanguage\":\"en-US\",\"@id\":\"https:\/\/centredugenougeneve.ch\/en\/#\/schema\/logo\/image\/\",\"url\":\"https:\/\/centredugenougeneve.ch\/wp-content\/uploads\/2020\/06\/CGG-Logo-green.png\",\"contentUrl\":\"https:\/\/centredugenougeneve.ch\/wp-content\/uploads\/2020\/06\/CGG-Logo-green.png\",\"width\":1000,\"height\":696,\"caption\":\"Centre du Genou Gen\u00e8ve\"},\"image\":{\"@id\":\"https:\/\/centredugenougeneve.ch\/en\/#\/schema\/logo\/image\/\"}}]}<\/script>\n<!-- \/ Yoast SEO plugin. -->","yoast_head_json":{"title":"Total knee arthroplasty (TKA) - Centre du Genou Gen\u00e8ve","description":"An advanced surgical solution to restore mobility with unparalleled precision, utilizing technologies such as MAKO robotics and augmented reality. At the Geneva Knee Center, we offer personalized care with a survival rate of over 95% at 10 years.","robots":{"index":"index","follow":"follow","max-snippet":"max-snippet:-1","max-image-preview":"max-image-preview:large","max-video-preview":"max-video-preview:-1"},"canonical":"https:\/\/centredugenougeneve.ch\/en\/total-knee-arthroplasty\/","og_locale":"en_US","og_type":"article","og_title":"Total knee arthroplasty (TKA) - Centre du Genou Gen\u00e8ve","og_description":"An advanced surgical solution to restore mobility with unparalleled precision, utilizing technologies such as MAKO robotics and augmented reality. At the Geneva Knee Center, we offer personalized care with a survival rate of over 95% at 10 years.","og_url":"https:\/\/centredugenougeneve.ch\/en\/total-knee-arthroplasty\/","og_site_name":"Centre du Genou Gen\u00e8ve","article_modified_time":"2026-04-16T10:01:34+00:00","og_image":[{"width":1000,"height":696,"url":"https:\/\/centredugenougeneve.ch\/wp-content\/uploads\/2020\/06\/CGG-Logo-green.png","type":"image\/png"}],"twitter_card":"summary_large_image","twitter_misc":{"Est. reading time":"5 minutes"},"schema":{"@context":"https:\/\/schema.org","@graph":[{"@type":"WebPage","@id":"https:\/\/centredugenougeneve.ch\/en\/total-knee-arthroplasty\/","url":"https:\/\/centredugenougeneve.ch\/en\/total-knee-arthroplasty\/","name":"Total knee arthroplasty (TKA) - Centre du Genou Gen\u00e8ve","isPartOf":{"@id":"https:\/\/centredugenougeneve.ch\/en\/#website"},"datePublished":"2020-10-02T13:28:11+00:00","dateModified":"2026-04-16T10:01:34+00:00","description":"An advanced surgical solution to restore mobility with unparalleled precision, utilizing technologies such as MAKO robotics and augmented reality. At the Geneva Knee Center, we offer personalized care with a survival rate of over 95% at 10 years.","breadcrumb":{"@id":"https:\/\/centredugenougeneve.ch\/en\/total-knee-arthroplasty\/#breadcrumb"},"inLanguage":"en-US","potentialAction":[{"@type":"ReadAction","target":["https:\/\/centredugenougeneve.ch\/en\/total-knee-arthroplasty\/"]}]},{"@type":"BreadcrumbList","@id":"https:\/\/centredugenougeneve.ch\/en\/total-knee-arthroplasty\/#breadcrumb","itemListElement":[{"@type":"ListItem","position":1,"name":"Accueil","item":"https:\/\/centredugenougeneve.ch\/en\/"},{"@type":"ListItem","position":2,"name":"Total knee arthroplasty (TKA)"}]},{"@type":"WebSite","@id":"https:\/\/centredugenougeneve.ch\/en\/#website","url":"https:\/\/centredugenougeneve.ch\/en\/","name":"Centre du Genou Gen\u00e8ve","description":"","publisher":{"@id":"https:\/\/centredugenougeneve.ch\/en\/#organization"},"potentialAction":[{"@type":"SearchAction","target":{"@type":"EntryPoint","urlTemplate":"https:\/\/centredugenougeneve.ch\/en\/?s={search_term_string}"},"query-input":{"@type":"PropertyValueSpecification","valueRequired":true,"valueName":"search_term_string"}}],"inLanguage":"en-US"},{"@type":"Organization","@id":"https:\/\/centredugenougeneve.ch\/en\/#organization","name":"Centre du Genou Gen\u00e8ve","url":"https:\/\/centredugenougeneve.ch\/en\/","logo":{"@type":"ImageObject","inLanguage":"en-US","@id":"https:\/\/centredugenougeneve.ch\/en\/#\/schema\/logo\/image\/","url":"https:\/\/centredugenougeneve.ch\/wp-content\/uploads\/2020\/06\/CGG-Logo-green.png","contentUrl":"https:\/\/centredugenougeneve.ch\/wp-content\/uploads\/2020\/06\/CGG-Logo-green.png","width":1000,"height":696,"caption":"Centre du Genou Gen\u00e8ve"},"image":{"@id":"https:\/\/centredugenougeneve.ch\/en\/#\/schema\/logo\/image\/"}}]}},"_links":{"self":[{"href":"https:\/\/centredugenougeneve.ch\/en\/wp-json\/wp\/v2\/pages\/846"}],"collection":[{"href":"https:\/\/centredugenougeneve.ch\/en\/wp-json\/wp\/v2\/pages"}],"about":[{"href":"https:\/\/centredugenougeneve.ch\/en\/wp-json\/wp\/v2\/types\/page"}],"author":[{"embeddable":true,"href":"https:\/\/centredugenougeneve.ch\/en\/wp-json\/wp\/v2\/users\/1"}],"replies":[{"embeddable":true,"href":"https:\/\/centredugenougeneve.ch\/en\/wp-json\/wp\/v2\/comments?post=846"}],"version-history":[{"count":3,"href":"https:\/\/centredugenougeneve.ch\/en\/wp-json\/wp\/v2\/pages\/846\/revisions"}],"predecessor-version":[{"id":914,"href":"https:\/\/centredugenougeneve.ch\/en\/wp-json\/wp\/v2\/pages\/846\/revisions\/914"}],"wp:attachment":[{"href":"https:\/\/centredugenougeneve.ch\/en\/wp-json\/wp\/v2\/media?parent=846"}],"curies":[{"name":"wp","href":"https:\/\/api.w.org\/{rel}","templated":true}]}}