{"id":844,"date":"2020-10-02T15:20:55","date_gmt":"2020-10-02T13:20:55","guid":{"rendered":"https:\/\/centredugenougeneve.ch\/prothese-partielle-de-genou-prothese-unicompartimentale-puc\/"},"modified":"2026-04-16T11:49:49","modified_gmt":"2026-04-16T09:49:49","slug":"partial-knee-replacement-unicompartmental-knee-arthroplasty","status":"publish","type":"page","link":"https:\/\/centredugenougeneve.ch\/en\/partial-knee-replacement-unicompartmental-knee-arthroplasty\/","title":{"rendered":"Partial knee replacement (unicompartmental knee arthroplasty &#8211; UKA)"},"content":{"rendered":"","protected":false},"excerpt":{"rendered":"<p>La proth\u00e8se partielle de genou, famili\u00e8rement d\u00e9sign\u00e9e comme &#8220;demi-proth\u00e8se&#8221; et techniquement r\u00e9f\u00e9renc\u00e9e sous l&#8217;appellation &#8220;proth\u00e8se unicompartimentale&#8221; ou PUC, est une intervention cibl\u00e9e, pr\u00e9conis\u00e9e lorsque seul un compartiment du genou est d\u00e9grad\u00e9 et que les solutions non chirurgicales n&#8217;ont pas apport\u00e9 de soulagement.<\/p>\n","protected":false},"author":1,"featured_media":0,"parent":0,"menu_order":2,"comment_status":"closed","ping_status":"closed","template":"","meta":{"footnotes":""},"class_list":["post-844","page","type-page","status-publish","hentry"],"yoast_head":"<!-- This site is optimized with the Yoast SEO plugin v24.2 - https:\/\/yoast.com\/wordpress\/plugins\/seo\/ -->\n<title>Partial knee replacement (unicompartmental knee arthroplasty - UKA) - Centre du Genou Gen\u00e8ve<\/title>\n<meta name=\"description\" content=\"The partial knee replacement, commonly referred to as a &quot;half-knee replacement&quot; and technically known as a &quot;unicompartmental knee replacement&quot; or UKR, is a targeted procedure recommended when only one compartment of the knee is damaged and non-surgical solutions have not provided relief.\" \/>\n<meta name=\"robots\" content=\"index, follow, max-snippet:-1, max-image-preview:large, max-video-preview:-1\" \/>\n<link rel=\"canonical\" href=\"https:\/\/centredugenougeneve.ch\/en\/partial-knee-replacement-unicompartmental-knee-arthroplasty\/\" \/>\n<meta property=\"og:locale\" content=\"en_US\" \/>\n<meta property=\"og:type\" content=\"article\" \/>\n<meta property=\"og:title\" content=\"Partial knee replacement (unicompartmental knee arthroplasty - UKA) - Centre du Genou Gen\u00e8ve\" \/>\n<meta property=\"og:description\" content=\"The partial knee replacement, commonly referred to as a &quot;half-knee replacement&quot; and technically known as a &quot;unicompartmental knee replacement&quot; or UKR, is a targeted procedure recommended when only one compartment of the knee is damaged and non-surgical solutions have not provided relief.\" \/>\n<meta property=\"og:url\" content=\"https:\/\/centredugenougeneve.ch\/en\/partial-knee-replacement-unicompartmental-knee-arthroplasty\/\" \/>\n<meta property=\"og:site_name\" content=\"Centre du Genou Gen\u00e8ve\" \/>\n<meta property=\"article:modified_time\" content=\"2026-04-16T09:49:49+00:00\" \/>\n<meta property=\"og:image\" content=\"https:\/\/centredugenougeneve.ch\/wp-content\/uploads\/2020\/06\/CGG-Logo-green.png\" \/>\n\t<meta property=\"og:image:width\" content=\"1000\" \/>\n\t<meta property=\"og:image:height\" content=\"696\" \/>\n\t<meta property=\"og:image:type\" content=\"image\/png\" \/>\n<meta name=\"twitter:card\" content=\"summary_large_image\" \/>\n<meta name=\"twitter:label1\" content=\"Est. reading time\" \/>\n\t<meta name=\"twitter:data1\" content=\"3 minutes\" \/>\n<script type=\"application\/ld+json\" class=\"yoast-schema-graph\">{\"@context\":\"https:\/\/schema.org\",\"@graph\":[{\"@type\":\"WebPage\",\"@id\":\"https:\/\/centredugenougeneve.ch\/en\/partial-knee-replacement-unicompartmental-knee-arthroplasty\/\",\"url\":\"https:\/\/centredugenougeneve.ch\/en\/partial-knee-replacement-unicompartmental-knee-arthroplasty\/\",\"name\":\"Partial knee replacement (unicompartmental knee arthroplasty - UKA) - Centre du Genou Gen\u00e8ve\",\"isPartOf\":{\"@id\":\"https:\/\/centredugenougeneve.ch\/en\/#website\"},\"datePublished\":\"2020-10-02T13:20:55+00:00\",\"dateModified\":\"2026-04-16T09:49:49+00:00\",\"description\":\"The partial knee replacement, commonly referred to as a \\\"half-knee replacement\\\" and technically known as a \\\"unicompartmental knee replacement\\\" or UKR, is a targeted procedure recommended when only one compartment of the knee is damaged and non-surgical solutions have not provided relief.\",\"breadcrumb\":{\"@id\":\"https:\/\/centredugenougeneve.ch\/en\/partial-knee-replacement-unicompartmental-knee-arthroplasty\/#breadcrumb\"},\"inLanguage\":\"en-US\",\"potentialAction\":[{\"@type\":\"ReadAction\",\"target\":[\"https:\/\/centredugenougeneve.ch\/en\/partial-knee-replacement-unicompartmental-knee-arthroplasty\/\"]}]},{\"@type\":\"BreadcrumbList\",\"@id\":\"https:\/\/centredugenougeneve.ch\/en\/partial-knee-replacement-unicompartmental-knee-arthroplasty\/#breadcrumb\",\"itemListElement\":[{\"@type\":\"ListItem\",\"position\":1,\"name\":\"Accueil\",\"item\":\"https:\/\/centredugenougeneve.ch\/en\/\"},{\"@type\":\"ListItem\",\"position\":2,\"name\":\"Partial knee replacement (unicompartmental knee arthroplasty &#8211; UKA)\"}]},{\"@type\":\"WebSite\",\"@id\":\"https:\/\/centredugenougeneve.ch\/en\/#website\",\"url\":\"https:\/\/centredugenougeneve.ch\/en\/\",\"name\":\"Centre du Genou Gen\u00e8ve\",\"description\":\"\",\"publisher\":{\"@id\":\"https:\/\/centredugenougeneve.ch\/en\/#organization\"},\"potentialAction\":[{\"@type\":\"SearchAction\",\"target\":{\"@type\":\"EntryPoint\",\"urlTemplate\":\"https:\/\/centredugenougeneve.ch\/en\/?s={search_term_string}\"},\"query-input\":{\"@type\":\"PropertyValueSpecification\",\"valueRequired\":true,\"valueName\":\"search_term_string\"}}],\"inLanguage\":\"en-US\"},{\"@type\":\"Organization\",\"@id\":\"https:\/\/centredugenougeneve.ch\/en\/#organization\",\"name\":\"Centre du Genou Gen\u00e8ve\",\"url\":\"https:\/\/centredugenougeneve.ch\/en\/\",\"logo\":{\"@type\":\"ImageObject\",\"inLanguage\":\"en-US\",\"@id\":\"https:\/\/centredugenougeneve.ch\/en\/#\/schema\/logo\/image\/\",\"url\":\"https:\/\/centredugenougeneve.ch\/wp-content\/uploads\/2020\/06\/CGG-Logo-green.png\",\"contentUrl\":\"https:\/\/centredugenougeneve.ch\/wp-content\/uploads\/2020\/06\/CGG-Logo-green.png\",\"width\":1000,\"height\":696,\"caption\":\"Centre du Genou Gen\u00e8ve\"},\"image\":{\"@id\":\"https:\/\/centredugenougeneve.ch\/en\/#\/schema\/logo\/image\/\"}}]}<\/script>\n<!-- \/ Yoast SEO plugin. -->","yoast_head_json":{"title":"Partial knee replacement (unicompartmental knee arthroplasty - UKA) - Centre du Genou Gen\u00e8ve","description":"The partial knee replacement, commonly referred to as a \"half-knee replacement\" and technically known as a \"unicompartmental knee replacement\" or UKR, is a targeted procedure recommended when only one compartment of the knee is damaged and non-surgical solutions have not provided relief.","robots":{"index":"index","follow":"follow","max-snippet":"max-snippet:-1","max-image-preview":"max-image-preview:large","max-video-preview":"max-video-preview:-1"},"canonical":"https:\/\/centredugenougeneve.ch\/en\/partial-knee-replacement-unicompartmental-knee-arthroplasty\/","og_locale":"en_US","og_type":"article","og_title":"Partial knee replacement (unicompartmental knee arthroplasty - UKA) - Centre du Genou Gen\u00e8ve","og_description":"The partial knee replacement, commonly referred to as a \"half-knee replacement\" and technically known as a \"unicompartmental knee replacement\" or UKR, is a targeted procedure recommended when only one compartment of the knee is damaged and non-surgical solutions have not provided relief.","og_url":"https:\/\/centredugenougeneve.ch\/en\/partial-knee-replacement-unicompartmental-knee-arthroplasty\/","og_site_name":"Centre du Genou Gen\u00e8ve","article_modified_time":"2026-04-16T09:49:49+00:00","og_image":[{"width":1000,"height":696,"url":"https:\/\/centredugenougeneve.ch\/wp-content\/uploads\/2020\/06\/CGG-Logo-green.png","type":"image\/png"}],"twitter_card":"summary_large_image","twitter_misc":{"Est. reading time":"3 minutes"},"schema":{"@context":"https:\/\/schema.org","@graph":[{"@type":"WebPage","@id":"https:\/\/centredugenougeneve.ch\/en\/partial-knee-replacement-unicompartmental-knee-arthroplasty\/","url":"https:\/\/centredugenougeneve.ch\/en\/partial-knee-replacement-unicompartmental-knee-arthroplasty\/","name":"Partial knee replacement (unicompartmental knee arthroplasty - UKA) - Centre du Genou Gen\u00e8ve","isPartOf":{"@id":"https:\/\/centredugenougeneve.ch\/en\/#website"},"datePublished":"2020-10-02T13:20:55+00:00","dateModified":"2026-04-16T09:49:49+00:00","description":"The partial knee replacement, commonly referred to as a \"half-knee replacement\" and technically known as a \"unicompartmental knee replacement\" or UKR, is a targeted procedure recommended when only one compartment of the knee is damaged and non-surgical solutions have not provided relief.","breadcrumb":{"@id":"https:\/\/centredugenougeneve.ch\/en\/partial-knee-replacement-unicompartmental-knee-arthroplasty\/#breadcrumb"},"inLanguage":"en-US","potentialAction":[{"@type":"ReadAction","target":["https:\/\/centredugenougeneve.ch\/en\/partial-knee-replacement-unicompartmental-knee-arthroplasty\/"]}]},{"@type":"BreadcrumbList","@id":"https:\/\/centredugenougeneve.ch\/en\/partial-knee-replacement-unicompartmental-knee-arthroplasty\/#breadcrumb","itemListElement":[{"@type":"ListItem","position":1,"name":"Accueil","item":"https:\/\/centredugenougeneve.ch\/en\/"},{"@type":"ListItem","position":2,"name":"Partial knee replacement (unicompartmental knee arthroplasty &#8211; UKA)"}]},{"@type":"WebSite","@id":"https:\/\/centredugenougeneve.ch\/en\/#website","url":"https:\/\/centredugenougeneve.ch\/en\/","name":"Centre du Genou Gen\u00e8ve","description":"","publisher":{"@id":"https:\/\/centredugenougeneve.ch\/en\/#organization"},"potentialAction":[{"@type":"SearchAction","target":{"@type":"EntryPoint","urlTemplate":"https:\/\/centredugenougeneve.ch\/en\/?s={search_term_string}"},"query-input":{"@type":"PropertyValueSpecification","valueRequired":true,"valueName":"search_term_string"}}],"inLanguage":"en-US"},{"@type":"Organization","@id":"https:\/\/centredugenougeneve.ch\/en\/#organization","name":"Centre du Genou Gen\u00e8ve","url":"https:\/\/centredugenougeneve.ch\/en\/","logo":{"@type":"ImageObject","inLanguage":"en-US","@id":"https:\/\/centredugenougeneve.ch\/en\/#\/schema\/logo\/image\/","url":"https:\/\/centredugenougeneve.ch\/wp-content\/uploads\/2020\/06\/CGG-Logo-green.png","contentUrl":"https:\/\/centredugenougeneve.ch\/wp-content\/uploads\/2020\/06\/CGG-Logo-green.png","width":1000,"height":696,"caption":"Centre du Genou Gen\u00e8ve"},"image":{"@id":"https:\/\/centredugenougeneve.ch\/en\/#\/schema\/logo\/image\/"}}]}},"_links":{"self":[{"href":"https:\/\/centredugenougeneve.ch\/en\/wp-json\/wp\/v2\/pages\/844"}],"collection":[{"href":"https:\/\/centredugenougeneve.ch\/en\/wp-json\/wp\/v2\/pages"}],"about":[{"href":"https:\/\/centredugenougeneve.ch\/en\/wp-json\/wp\/v2\/types\/page"}],"author":[{"embeddable":true,"href":"https:\/\/centredugenougeneve.ch\/en\/wp-json\/wp\/v2\/users\/1"}],"replies":[{"embeddable":true,"href":"https:\/\/centredugenougeneve.ch\/en\/wp-json\/wp\/v2\/comments?post=844"}],"version-history":[{"count":2,"href":"https:\/\/centredugenougeneve.ch\/en\/wp-json\/wp\/v2\/pages\/844\/revisions"}],"predecessor-version":[{"id":917,"href":"https:\/\/centredugenougeneve.ch\/en\/wp-json\/wp\/v2\/pages\/844\/revisions\/917"}],"wp:attachment":[{"href":"https:\/\/centredugenougeneve.ch\/en\/wp-json\/wp\/v2\/media?parent=844"}],"curies":[{"name":"wp","href":"https:\/\/api.w.org\/{rel}","templated":true}]}}