{"id":842,"date":"2023-09-29T14:57:38","date_gmt":"2023-09-29T12:57:38","guid":{"rendered":"https:\/\/centredugenougeneve.ch\/apres-prothese-de-genou\/"},"modified":"2024-09-17T11:31:27","modified_gmt":"2024-09-17T09:31:27","slug":"after-knee-replacement-surgery","status":"publish","type":"page","link":"https:\/\/centredugenougeneve.ch\/en\/after-knee-replacement-surgery\/","title":{"rendered":"Rehabilitation after knee replacement surgery"},"content":{"rendered":"","protected":false},"excerpt":{"rendered":"<p>La pose d&#8217;une proth\u00e8se de genou est une \u00e9tape importante pour les patients qui aspirent \u00e0 une am\u00e9lioration de la qualit\u00e9 de vie. Cela par un soulagement des douleurs chroniques et l\u2019am\u00e9lioration des capacit\u00e9s fonctionnelles.<\/p>\n","protected":false},"author":1,"featured_media":0,"parent":0,"menu_order":0,"comment_status":"closed","ping_status":"closed","template":"","meta":{"footnotes":""},"class_list":["post-842","page","type-page","status-publish","hentry"],"yoast_head":"<!-- This site is optimized with the Yoast SEO plugin v24.2 - https:\/\/yoast.com\/wordpress\/plugins\/seo\/ -->\n<title>Rehabilitation after knee replacement surgery - Centre du Genou Gen\u00e8ve<\/title>\n<meta name=\"description\" content=\"Improve life after knee replacement with pain relief and better joint function. Rehabilitation and collaboration with physiotherapists are key to a full recovery.\" \/>\n<meta name=\"robots\" content=\"index, follow, max-snippet:-1, max-image-preview:large, max-video-preview:-1\" \/>\n<link rel=\"canonical\" href=\"https:\/\/centredugenougeneve.ch\/en\/after-knee-replacement-surgery\/\" \/>\n<meta property=\"og:locale\" content=\"en_US\" \/>\n<meta property=\"og:type\" content=\"article\" \/>\n<meta property=\"og:title\" content=\"Rehabilitation after knee replacement surgery - Centre du Genou Gen\u00e8ve\" \/>\n<meta property=\"og:description\" content=\"Improve life after knee replacement with pain relief and better joint function. Rehabilitation and collaboration with physiotherapists are key to a full recovery.\" \/>\n<meta property=\"og:url\" content=\"https:\/\/centredugenougeneve.ch\/en\/after-knee-replacement-surgery\/\" \/>\n<meta property=\"og:site_name\" content=\"Centre du Genou Gen\u00e8ve\" \/>\n<meta property=\"article:modified_time\" content=\"2024-09-17T09:31:27+00:00\" \/>\n<meta property=\"og:image\" content=\"https:\/\/centredugenougeneve.ch\/wp-content\/uploads\/2020\/06\/CGG-Logo-green.png\" \/>\n\t<meta property=\"og:image:width\" content=\"1000\" \/>\n\t<meta property=\"og:image:height\" content=\"696\" \/>\n\t<meta property=\"og:image:type\" content=\"image\/png\" \/>\n<meta name=\"twitter:card\" content=\"summary_large_image\" \/>\n<meta name=\"twitter:label1\" content=\"Est. reading time\" \/>\n\t<meta name=\"twitter:data1\" content=\"3 minutes\" \/>\n<script type=\"application\/ld+json\" class=\"yoast-schema-graph\">{\"@context\":\"https:\/\/schema.org\",\"@graph\":[{\"@type\":\"WebPage\",\"@id\":\"https:\/\/centredugenougeneve.ch\/en\/after-knee-replacement-surgery\/\",\"url\":\"https:\/\/centredugenougeneve.ch\/en\/after-knee-replacement-surgery\/\",\"name\":\"Rehabilitation after knee replacement surgery - Centre du Genou Gen\u00e8ve\",\"isPartOf\":{\"@id\":\"https:\/\/centredugenougeneve.ch\/en\/#website\"},\"datePublished\":\"2023-09-29T12:57:38+00:00\",\"dateModified\":\"2024-09-17T09:31:27+00:00\",\"description\":\"Improve life after knee replacement with pain relief and better joint function. Rehabilitation and collaboration with physiotherapists are key to a full recovery.\",\"breadcrumb\":{\"@id\":\"https:\/\/centredugenougeneve.ch\/en\/after-knee-replacement-surgery\/#breadcrumb\"},\"inLanguage\":\"en-US\",\"potentialAction\":[{\"@type\":\"ReadAction\",\"target\":[\"https:\/\/centredugenougeneve.ch\/en\/after-knee-replacement-surgery\/\"]}]},{\"@type\":\"BreadcrumbList\",\"@id\":\"https:\/\/centredugenougeneve.ch\/en\/after-knee-replacement-surgery\/#breadcrumb\",\"itemListElement\":[{\"@type\":\"ListItem\",\"position\":1,\"name\":\"Accueil\",\"item\":\"https:\/\/centredugenougeneve.ch\/en\/\"},{\"@type\":\"ListItem\",\"position\":2,\"name\":\"Rehabilitation after knee replacement surgery\"}]},{\"@type\":\"WebSite\",\"@id\":\"https:\/\/centredugenougeneve.ch\/en\/#website\",\"url\":\"https:\/\/centredugenougeneve.ch\/en\/\",\"name\":\"Centre du Genou Gen\u00e8ve\",\"description\":\"\",\"publisher\":{\"@id\":\"https:\/\/centredugenougeneve.ch\/en\/#organization\"},\"potentialAction\":[{\"@type\":\"SearchAction\",\"target\":{\"@type\":\"EntryPoint\",\"urlTemplate\":\"https:\/\/centredugenougeneve.ch\/en\/?s={search_term_string}\"},\"query-input\":{\"@type\":\"PropertyValueSpecification\",\"valueRequired\":true,\"valueName\":\"search_term_string\"}}],\"inLanguage\":\"en-US\"},{\"@type\":\"Organization\",\"@id\":\"https:\/\/centredugenougeneve.ch\/en\/#organization\",\"name\":\"Centre du Genou Gen\u00e8ve\",\"url\":\"https:\/\/centredugenougeneve.ch\/en\/\",\"logo\":{\"@type\":\"ImageObject\",\"inLanguage\":\"en-US\",\"@id\":\"https:\/\/centredugenougeneve.ch\/en\/#\/schema\/logo\/image\/\",\"url\":\"https:\/\/centredugenougeneve.ch\/wp-content\/uploads\/2020\/06\/CGG-Logo-green.png\",\"contentUrl\":\"https:\/\/centredugenougeneve.ch\/wp-content\/uploads\/2020\/06\/CGG-Logo-green.png\",\"width\":1000,\"height\":696,\"caption\":\"Centre du Genou Gen\u00e8ve\"},\"image\":{\"@id\":\"https:\/\/centredugenougeneve.ch\/en\/#\/schema\/logo\/image\/\"}}]}<\/script>\n<!-- \/ Yoast SEO plugin. -->","yoast_head_json":{"title":"Rehabilitation after knee replacement surgery - Centre du Genou Gen\u00e8ve","description":"Improve life after knee replacement with pain relief and better joint function. Rehabilitation and collaboration with physiotherapists are key to a full recovery.","robots":{"index":"index","follow":"follow","max-snippet":"max-snippet:-1","max-image-preview":"max-image-preview:large","max-video-preview":"max-video-preview:-1"},"canonical":"https:\/\/centredugenougeneve.ch\/en\/after-knee-replacement-surgery\/","og_locale":"en_US","og_type":"article","og_title":"Rehabilitation after knee replacement surgery - Centre du Genou Gen\u00e8ve","og_description":"Improve life after knee replacement with pain relief and better joint function. Rehabilitation and collaboration with physiotherapists are key to a full recovery.","og_url":"https:\/\/centredugenougeneve.ch\/en\/after-knee-replacement-surgery\/","og_site_name":"Centre du Genou Gen\u00e8ve","article_modified_time":"2024-09-17T09:31:27+00:00","og_image":[{"width":1000,"height":696,"url":"https:\/\/centredugenougeneve.ch\/wp-content\/uploads\/2020\/06\/CGG-Logo-green.png","type":"image\/png"}],"twitter_card":"summary_large_image","twitter_misc":{"Est. reading time":"3 minutes"},"schema":{"@context":"https:\/\/schema.org","@graph":[{"@type":"WebPage","@id":"https:\/\/centredugenougeneve.ch\/en\/after-knee-replacement-surgery\/","url":"https:\/\/centredugenougeneve.ch\/en\/after-knee-replacement-surgery\/","name":"Rehabilitation after knee replacement surgery - Centre du Genou Gen\u00e8ve","isPartOf":{"@id":"https:\/\/centredugenougeneve.ch\/en\/#website"},"datePublished":"2023-09-29T12:57:38+00:00","dateModified":"2024-09-17T09:31:27+00:00","description":"Improve life after knee replacement with pain relief and better joint function. Rehabilitation and collaboration with physiotherapists are key to a full recovery.","breadcrumb":{"@id":"https:\/\/centredugenougeneve.ch\/en\/after-knee-replacement-surgery\/#breadcrumb"},"inLanguage":"en-US","potentialAction":[{"@type":"ReadAction","target":["https:\/\/centredugenougeneve.ch\/en\/after-knee-replacement-surgery\/"]}]},{"@type":"BreadcrumbList","@id":"https:\/\/centredugenougeneve.ch\/en\/after-knee-replacement-surgery\/#breadcrumb","itemListElement":[{"@type":"ListItem","position":1,"name":"Accueil","item":"https:\/\/centredugenougeneve.ch\/en\/"},{"@type":"ListItem","position":2,"name":"Rehabilitation after knee replacement surgery"}]},{"@type":"WebSite","@id":"https:\/\/centredugenougeneve.ch\/en\/#website","url":"https:\/\/centredugenougeneve.ch\/en\/","name":"Centre du Genou Gen\u00e8ve","description":"","publisher":{"@id":"https:\/\/centredugenougeneve.ch\/en\/#organization"},"potentialAction":[{"@type":"SearchAction","target":{"@type":"EntryPoint","urlTemplate":"https:\/\/centredugenougeneve.ch\/en\/?s={search_term_string}"},"query-input":{"@type":"PropertyValueSpecification","valueRequired":true,"valueName":"search_term_string"}}],"inLanguage":"en-US"},{"@type":"Organization","@id":"https:\/\/centredugenougeneve.ch\/en\/#organization","name":"Centre du Genou Gen\u00e8ve","url":"https:\/\/centredugenougeneve.ch\/en\/","logo":{"@type":"ImageObject","inLanguage":"en-US","@id":"https:\/\/centredugenougeneve.ch\/en\/#\/schema\/logo\/image\/","url":"https:\/\/centredugenougeneve.ch\/wp-content\/uploads\/2020\/06\/CGG-Logo-green.png","contentUrl":"https:\/\/centredugenougeneve.ch\/wp-content\/uploads\/2020\/06\/CGG-Logo-green.png","width":1000,"height":696,"caption":"Centre du Genou Gen\u00e8ve"},"image":{"@id":"https:\/\/centredugenougeneve.ch\/en\/#\/schema\/logo\/image\/"}}]}},"_links":{"self":[{"href":"https:\/\/centredugenougeneve.ch\/en\/wp-json\/wp\/v2\/pages\/842"}],"collection":[{"href":"https:\/\/centredugenougeneve.ch\/en\/wp-json\/wp\/v2\/pages"}],"about":[{"href":"https:\/\/centredugenougeneve.ch\/en\/wp-json\/wp\/v2\/types\/page"}],"author":[{"embeddable":true,"href":"https:\/\/centredugenougeneve.ch\/en\/wp-json\/wp\/v2\/users\/1"}],"replies":[{"embeddable":true,"href":"https:\/\/centredugenougeneve.ch\/en\/wp-json\/wp\/v2\/comments?post=842"}],"version-history":[{"count":2,"href":"https:\/\/centredugenougeneve.ch\/en\/wp-json\/wp\/v2\/pages\/842\/revisions"}],"predecessor-version":[{"id":923,"href":"https:\/\/centredugenougeneve.ch\/en\/wp-json\/wp\/v2\/pages\/842\/revisions\/923"}],"wp:attachment":[{"href":"https:\/\/centredugenougeneve.ch\/en\/wp-json\/wp\/v2\/media?parent=842"}],"curies":[{"name":"wp","href":"https:\/\/api.w.org\/{rel}","templated":true}]}}