{"id":838,"date":"2020-06-23T15:09:51","date_gmt":"2020-06-23T13:09:51","guid":{"rendered":"https:\/\/centredugenougeneve.ch\/specialiste-lca-geneve-dr-julien-billieres\/"},"modified":"2025-01-03T14:37:06","modified_gmt":"2025-01-03T13:37:06","slug":"specialiste-acl-geneva-dr-julien-billieres","status":"publish","type":"page","link":"https:\/\/centredugenougeneve.ch\/en\/specialiste-acl-geneva-dr-julien-billieres\/","title":{"rendered":"Dr. med. Julien Billi\u00e8res"},"content":{"rendered":"<p><img loading=\"lazy\" decoding=\"async\" class=\"alignleft wp-image-284\" style=\"margin: 0px 40px 40px 0px;\" src=\"http:\/\/centredugenougeneve.ch\/wp-content\/uploads\/2022\/02\/Portrait-Dr-Julien-Billi\u00e8res-chirurgie-genou-gen\u00e8ve-scaled.jpg\" alt=\"\" width=\"450\" height=\"479\" \/><\/p>\n<p>Dr Julien Billi\u00e8res (MD)\u00a0 is a surgeon specialising in orthopaedic surgery and musculoskeletal trauma, is an expert in knee surgery. He primarily focuses on ligament and meniscal injuries. He is particularly in charge of handling more complex cases, such as multiligament injuries or knee dislocations, as well as meniscal grafts. His expertise also includes cartilage surgery, lower limb realignment procedures, and prosthetic surgery.<\/p>\n<p><span style=\"font-weight: 400;\">He graduated from the University of Geneva Faculty of Medicine, where he also obtained his medical doctorate. His training was completed at the University Hospitals of Geneva (HUG), and he earned his FMH specialist title in orthopedic surgery and musculoskeletal trauma in 2016.<\/span><\/p>\n<p><span style=\"font-weight: 400;\">He further specialized in knee surgery under internationally renowned surgeons. He worked under the supervision of Professor Menetrey at the HUG for a year, and then in 2016-2017, he completed a fellowship in Versailles with Dr. Philippe Beaufils and Dr. Nicolas Pujol&#8217;s team (a knee surgery reference center in Paris). Upon his return, he served for two and a half years as a senior clinician, independently managing knee pathologies within the Orthopedic and Sports Trauma Unit (UOTS).<\/span><\/p>\n<p><span style=\"font-weight: 400;\">Always aiming to refine his skills, he completed another fellowship in Lyon in 2020 with Dr. Bertrand Sonnery-Cottet, a renowned surgeon who frequently treats professional athletes.<\/span><\/p>\n<p><span style=\"font-weight: 400;\">He joined the medical team at La Tour Hospital in 2020 and, together with Dr. med. Philippe Alves, co-founded the Knee Surgery Center in August 2020.<\/span><\/p>\n<p><span style=\"font-weight: 400;\">He is a member of and regularly participates in conferences organized by the French Society of Arthroscopy (SFA) and the European Society of Sports Traumatology, Knee Surgery &amp; Arthroscopy (ESSKA).<\/span><\/p>\n","protected":false},"excerpt":{"rendered":"<p>Dr. med. Julien Billi\u00e8res<\/p>\n","protected":false},"author":1,"featured_media":0,"parent":0,"menu_order":0,"comment_status":"closed","ping_status":"closed","template":"","meta":{"footnotes":""},"class_list":["post-838","page","type-page","status-publish","hentry"],"yoast_head":"<!-- This site is optimized with the Yoast SEO plugin v24.2 - https:\/\/yoast.com\/wordpress\/plugins\/seo\/ -->\n<title>Dr. med. Julien Billi\u00e8res - Centre du Genou Gen\u00e8ve<\/title>\n<meta name=\"description\" content=\"Dr. Julien Billi\u00e8res, specialist in anterior cruciate ligament (ACL) and knee surgery in Geneva. Expert in knee pathologies and orthopedic surgery.\" \/>\n<meta name=\"robots\" content=\"index, follow, max-snippet:-1, max-image-preview:large, max-video-preview:-1\" \/>\n<link rel=\"canonical\" href=\"https:\/\/centredugenougeneve.ch\/en\/specialiste-acl-geneva-dr-julien-billieres\/\" \/>\n<meta property=\"og:locale\" content=\"en_US\" \/>\n<meta property=\"og:type\" content=\"article\" \/>\n<meta property=\"og:title\" content=\"Dr. med. Julien Billi\u00e8res - Centre du Genou Gen\u00e8ve\" \/>\n<meta property=\"og:description\" content=\"Dr. Julien Billi\u00e8res, specialist in anterior cruciate ligament (ACL) and knee surgery in Geneva. Expert in knee pathologies and orthopedic surgery.\" \/>\n<meta property=\"og:url\" content=\"https:\/\/centredugenougeneve.ch\/en\/specialiste-acl-geneva-dr-julien-billieres\/\" \/>\n<meta property=\"og:site_name\" content=\"Centre du Genou Gen\u00e8ve\" \/>\n<meta property=\"article:modified_time\" content=\"2025-01-03T13:37:06+00:00\" \/>\n<meta property=\"og:image\" content=\"https:\/\/centredugenougeneve.ch\/wp-content\/uploads\/2020\/06\/CGG-Logo-green.png\" \/>\n\t<meta property=\"og:image:width\" content=\"1000\" \/>\n\t<meta property=\"og:image:height\" content=\"696\" \/>\n\t<meta property=\"og:image:type\" content=\"image\/png\" \/>\n<meta name=\"twitter:card\" content=\"summary_large_image\" \/>\n<meta name=\"twitter:label1\" content=\"Est. reading time\" \/>\n\t<meta name=\"twitter:data1\" content=\"2 minutes\" \/>\n<script type=\"application\/ld+json\" class=\"yoast-schema-graph\">{\"@context\":\"https:\/\/schema.org\",\"@graph\":[{\"@type\":\"WebPage\",\"@id\":\"https:\/\/centredugenougeneve.ch\/en\/specialiste-acl-geneva-dr-julien-billieres\/\",\"url\":\"https:\/\/centredugenougeneve.ch\/en\/specialiste-acl-geneva-dr-julien-billieres\/\",\"name\":\"Dr. med. Julien Billi\u00e8res - Centre du Genou Gen\u00e8ve\",\"isPartOf\":{\"@id\":\"https:\/\/centredugenougeneve.ch\/en\/#website\"},\"datePublished\":\"2020-06-23T13:09:51+00:00\",\"dateModified\":\"2025-01-03T13:37:06+00:00\",\"description\":\"Dr. Julien Billi\u00e8res, specialist in anterior cruciate ligament (ACL) and knee surgery in Geneva. Expert in knee pathologies and orthopedic surgery.\",\"breadcrumb\":{\"@id\":\"https:\/\/centredugenougeneve.ch\/en\/specialiste-acl-geneva-dr-julien-billieres\/#breadcrumb\"},\"inLanguage\":\"en-US\",\"potentialAction\":[{\"@type\":\"ReadAction\",\"target\":[\"https:\/\/centredugenougeneve.ch\/en\/specialiste-acl-geneva-dr-julien-billieres\/\"]}]},{\"@type\":\"BreadcrumbList\",\"@id\":\"https:\/\/centredugenougeneve.ch\/en\/specialiste-acl-geneva-dr-julien-billieres\/#breadcrumb\",\"itemListElement\":[{\"@type\":\"ListItem\",\"position\":1,\"name\":\"Accueil\",\"item\":\"https:\/\/centredugenougeneve.ch\/en\/\"},{\"@type\":\"ListItem\",\"position\":2,\"name\":\"Dr. med. Julien Billi\u00e8res\"}]},{\"@type\":\"WebSite\",\"@id\":\"https:\/\/centredugenougeneve.ch\/en\/#website\",\"url\":\"https:\/\/centredugenougeneve.ch\/en\/\",\"name\":\"Centre du Genou Gen\u00e8ve\",\"description\":\"\",\"publisher\":{\"@id\":\"https:\/\/centredugenougeneve.ch\/en\/#organization\"},\"potentialAction\":[{\"@type\":\"SearchAction\",\"target\":{\"@type\":\"EntryPoint\",\"urlTemplate\":\"https:\/\/centredugenougeneve.ch\/en\/?s={search_term_string}\"},\"query-input\":{\"@type\":\"PropertyValueSpecification\",\"valueRequired\":true,\"valueName\":\"search_term_string\"}}],\"inLanguage\":\"en-US\"},{\"@type\":\"Organization\",\"@id\":\"https:\/\/centredugenougeneve.ch\/en\/#organization\",\"name\":\"Centre du Genou Gen\u00e8ve\",\"url\":\"https:\/\/centredugenougeneve.ch\/en\/\",\"logo\":{\"@type\":\"ImageObject\",\"inLanguage\":\"en-US\",\"@id\":\"https:\/\/centredugenougeneve.ch\/en\/#\/schema\/logo\/image\/\",\"url\":\"https:\/\/centredugenougeneve.ch\/wp-content\/uploads\/2020\/06\/CGG-Logo-green.png\",\"contentUrl\":\"https:\/\/centredugenougeneve.ch\/wp-content\/uploads\/2020\/06\/CGG-Logo-green.png\",\"width\":1000,\"height\":696,\"caption\":\"Centre du Genou Gen\u00e8ve\"},\"image\":{\"@id\":\"https:\/\/centredugenougeneve.ch\/en\/#\/schema\/logo\/image\/\"}}]}<\/script>\n<!-- \/ Yoast SEO plugin. -->","yoast_head_json":{"title":"Dr. med. Julien Billi\u00e8res - Centre du Genou Gen\u00e8ve","description":"Dr. Julien Billi\u00e8res, specialist in anterior cruciate ligament (ACL) and knee surgery in Geneva. Expert in knee pathologies and orthopedic surgery.","robots":{"index":"index","follow":"follow","max-snippet":"max-snippet:-1","max-image-preview":"max-image-preview:large","max-video-preview":"max-video-preview:-1"},"canonical":"https:\/\/centredugenougeneve.ch\/en\/specialiste-acl-geneva-dr-julien-billieres\/","og_locale":"en_US","og_type":"article","og_title":"Dr. med. Julien Billi\u00e8res - Centre du Genou Gen\u00e8ve","og_description":"Dr. Julien Billi\u00e8res, specialist in anterior cruciate ligament (ACL) and knee surgery in Geneva. Expert in knee pathologies and orthopedic surgery.","og_url":"https:\/\/centredugenougeneve.ch\/en\/specialiste-acl-geneva-dr-julien-billieres\/","og_site_name":"Centre du Genou Gen\u00e8ve","article_modified_time":"2025-01-03T13:37:06+00:00","og_image":[{"width":1000,"height":696,"url":"https:\/\/centredugenougeneve.ch\/wp-content\/uploads\/2020\/06\/CGG-Logo-green.png","type":"image\/png"}],"twitter_card":"summary_large_image","twitter_misc":{"Est. reading time":"2 minutes"},"schema":{"@context":"https:\/\/schema.org","@graph":[{"@type":"WebPage","@id":"https:\/\/centredugenougeneve.ch\/en\/specialiste-acl-geneva-dr-julien-billieres\/","url":"https:\/\/centredugenougeneve.ch\/en\/specialiste-acl-geneva-dr-julien-billieres\/","name":"Dr. med. Julien Billi\u00e8res - Centre du Genou Gen\u00e8ve","isPartOf":{"@id":"https:\/\/centredugenougeneve.ch\/en\/#website"},"datePublished":"2020-06-23T13:09:51+00:00","dateModified":"2025-01-03T13:37:06+00:00","description":"Dr. Julien Billi\u00e8res, specialist in anterior cruciate ligament (ACL) and knee surgery in Geneva. Expert in knee pathologies and orthopedic surgery.","breadcrumb":{"@id":"https:\/\/centredugenougeneve.ch\/en\/specialiste-acl-geneva-dr-julien-billieres\/#breadcrumb"},"inLanguage":"en-US","potentialAction":[{"@type":"ReadAction","target":["https:\/\/centredugenougeneve.ch\/en\/specialiste-acl-geneva-dr-julien-billieres\/"]}]},{"@type":"BreadcrumbList","@id":"https:\/\/centredugenougeneve.ch\/en\/specialiste-acl-geneva-dr-julien-billieres\/#breadcrumb","itemListElement":[{"@type":"ListItem","position":1,"name":"Accueil","item":"https:\/\/centredugenougeneve.ch\/en\/"},{"@type":"ListItem","position":2,"name":"Dr. med. Julien Billi\u00e8res"}]},{"@type":"WebSite","@id":"https:\/\/centredugenougeneve.ch\/en\/#website","url":"https:\/\/centredugenougeneve.ch\/en\/","name":"Centre du Genou Gen\u00e8ve","description":"","publisher":{"@id":"https:\/\/centredugenougeneve.ch\/en\/#organization"},"potentialAction":[{"@type":"SearchAction","target":{"@type":"EntryPoint","urlTemplate":"https:\/\/centredugenougeneve.ch\/en\/?s={search_term_string}"},"query-input":{"@type":"PropertyValueSpecification","valueRequired":true,"valueName":"search_term_string"}}],"inLanguage":"en-US"},{"@type":"Organization","@id":"https:\/\/centredugenougeneve.ch\/en\/#organization","name":"Centre du Genou Gen\u00e8ve","url":"https:\/\/centredugenougeneve.ch\/en\/","logo":{"@type":"ImageObject","inLanguage":"en-US","@id":"https:\/\/centredugenougeneve.ch\/en\/#\/schema\/logo\/image\/","url":"https:\/\/centredugenougeneve.ch\/wp-content\/uploads\/2020\/06\/CGG-Logo-green.png","contentUrl":"https:\/\/centredugenougeneve.ch\/wp-content\/uploads\/2020\/06\/CGG-Logo-green.png","width":1000,"height":696,"caption":"Centre du Genou Gen\u00e8ve"},"image":{"@id":"https:\/\/centredugenougeneve.ch\/en\/#\/schema\/logo\/image\/"}}]}},"_links":{"self":[{"href":"https:\/\/centredugenougeneve.ch\/en\/wp-json\/wp\/v2\/pages\/838"}],"collection":[{"href":"https:\/\/centredugenougeneve.ch\/en\/wp-json\/wp\/v2\/pages"}],"about":[{"href":"https:\/\/centredugenougeneve.ch\/en\/wp-json\/wp\/v2\/types\/page"}],"author":[{"embeddable":true,"href":"https:\/\/centredugenougeneve.ch\/en\/wp-json\/wp\/v2\/users\/1"}],"replies":[{"embeddable":true,"href":"https:\/\/centredugenougeneve.ch\/en\/wp-json\/wp\/v2\/comments?post=838"}],"version-history":[{"count":5,"href":"https:\/\/centredugenougeneve.ch\/en\/wp-json\/wp\/v2\/pages\/838\/revisions"}],"predecessor-version":[{"id":959,"href":"https:\/\/centredugenougeneve.ch\/en\/wp-json\/wp\/v2\/pages\/838\/revisions\/959"}],"wp:attachment":[{"href":"https:\/\/centredugenougeneve.ch\/en\/wp-json\/wp\/v2\/media?parent=838"}],"curies":[{"name":"wp","href":"https:\/\/api.w.org\/{rel}","templated":true}]}}