{"id":852,"date":"2020-10-02T15:29:27","date_gmt":"2020-10-02T13:29:27","guid":{"rendered":"https:\/\/centredugenougeneve.ch\/revision-de-prothese\/"},"modified":"2026-04-16T11:50:49","modified_gmt":"2026-04-16T09:50:49","slug":"revision-total-knee-replacement","status":"publish","type":"page","link":"http:\/\/centredugenougeneve.ch\/en\/revision-total-knee-replacement\/","title":{"rendered":"Revision of the total knee replacement"},"content":{"rendered":"","protected":false},"excerpt":{"rendered":"<p>La r\u00e9vision de proth\u00e8se totale de genou, couramment appel\u00e9e &#8220;changement de proth\u00e8se&#8221;, est une intervention chirurgicale d\u00e9licate et technique. Elle n\u00e9cessite une parfaite ma\u00eetrise de la chirurgie proth\u00e9tique initiale et une solide expertise dans le domaine. Notre approche est bas\u00e9e sur une planification rigoureuse, afin d&#8217;anticiper chaque \u00e9tape de l&#8217;intervention et r\u00e9pondre \u00e0 toute \u00e9ventualit\u00e9.<\/p>\n","protected":false},"author":1,"featured_media":0,"parent":0,"menu_order":3,"comment_status":"closed","ping_status":"closed","template":"","meta":{"footnotes":""},"class_list":["post-852","page","type-page","status-publish","hentry"],"yoast_head":"<!-- This site is optimized with the Yoast SEO plugin v24.2 - https:\/\/yoast.com\/wordpress\/plugins\/seo\/ -->\n<title>Revision of the total knee replacement - Centre du Genou Gen\u00e8ve<\/title>\n<meta name=\"description\" content=\"At the Geneva Knee Center, we address postoperative complications with advanced expertise and meticulous planning. Each procedure is personalized using cutting-edge techniques and optimized postoperative follow-up for superior outcomes\" \/>\n<meta name=\"robots\" content=\"index, follow, max-snippet:-1, max-image-preview:large, max-video-preview:-1\" \/>\n<link rel=\"canonical\" href=\"http:\/\/centredugenougeneve.ch\/en\/revision-total-knee-replacement\/\" \/>\n<meta property=\"og:locale\" content=\"en_US\" \/>\n<meta property=\"og:type\" content=\"article\" \/>\n<meta property=\"og:title\" content=\"Revision of the total knee replacement - Centre du Genou Gen\u00e8ve\" \/>\n<meta property=\"og:description\" content=\"At the Geneva Knee Center, we address postoperative complications with advanced expertise and meticulous planning. Each procedure is personalized using cutting-edge techniques and optimized postoperative follow-up for superior outcomes\" \/>\n<meta property=\"og:url\" content=\"http:\/\/centredugenougeneve.ch\/en\/revision-total-knee-replacement\/\" \/>\n<meta property=\"og:site_name\" content=\"Centre du Genou Gen\u00e8ve\" \/>\n<meta property=\"article:modified_time\" content=\"2026-04-16T09:50:49+00:00\" \/>\n<meta property=\"og:image\" content=\"http:\/\/centredugenougeneve.ch\/wp-content\/uploads\/2020\/06\/CGG-Logo-green.png\" \/>\n\t<meta property=\"og:image:width\" content=\"1000\" \/>\n\t<meta property=\"og:image:height\" content=\"696\" \/>\n\t<meta property=\"og:image:type\" content=\"image\/png\" \/>\n<meta name=\"twitter:card\" content=\"summary_large_image\" \/>\n<meta name=\"twitter:label1\" content=\"Est. reading time\" \/>\n\t<meta name=\"twitter:data1\" content=\"3 minutes\" \/>\n<script type=\"application\/ld+json\" class=\"yoast-schema-graph\">{\"@context\":\"https:\/\/schema.org\",\"@graph\":[{\"@type\":\"WebPage\",\"@id\":\"http:\/\/centredugenougeneve.ch\/en\/revision-total-knee-replacement\/\",\"url\":\"http:\/\/centredugenougeneve.ch\/en\/revision-total-knee-replacement\/\",\"name\":\"Revision of the total knee replacement - Centre du Genou Gen\u00e8ve\",\"isPartOf\":{\"@id\":\"https:\/\/centredugenougeneve.ch\/en\/#website\"},\"datePublished\":\"2020-10-02T13:29:27+00:00\",\"dateModified\":\"2026-04-16T09:50:49+00:00\",\"description\":\"At the Geneva Knee Center, we address postoperative complications with advanced expertise and meticulous planning. Each procedure is personalized using cutting-edge techniques and optimized postoperative follow-up for superior outcomes\",\"breadcrumb\":{\"@id\":\"http:\/\/centredugenougeneve.ch\/en\/revision-total-knee-replacement\/#breadcrumb\"},\"inLanguage\":\"en-US\",\"potentialAction\":[{\"@type\":\"ReadAction\",\"target\":[\"http:\/\/centredugenougeneve.ch\/en\/revision-total-knee-replacement\/\"]}]},{\"@type\":\"BreadcrumbList\",\"@id\":\"http:\/\/centredugenougeneve.ch\/en\/revision-total-knee-replacement\/#breadcrumb\",\"itemListElement\":[{\"@type\":\"ListItem\",\"position\":1,\"name\":\"Accueil\",\"item\":\"https:\/\/centredugenougeneve.ch\/en\/\"},{\"@type\":\"ListItem\",\"position\":2,\"name\":\"Revision of the total knee replacement\"}]},{\"@type\":\"WebSite\",\"@id\":\"https:\/\/centredugenougeneve.ch\/en\/#website\",\"url\":\"https:\/\/centredugenougeneve.ch\/en\/\",\"name\":\"Centre du Genou Gen\u00e8ve\",\"description\":\"\",\"publisher\":{\"@id\":\"https:\/\/centredugenougeneve.ch\/en\/#organization\"},\"potentialAction\":[{\"@type\":\"SearchAction\",\"target\":{\"@type\":\"EntryPoint\",\"urlTemplate\":\"https:\/\/centredugenougeneve.ch\/en\/?s={search_term_string}\"},\"query-input\":{\"@type\":\"PropertyValueSpecification\",\"valueRequired\":true,\"valueName\":\"search_term_string\"}}],\"inLanguage\":\"en-US\"},{\"@type\":\"Organization\",\"@id\":\"https:\/\/centredugenougeneve.ch\/en\/#organization\",\"name\":\"Centre du Genou Gen\u00e8ve\",\"url\":\"https:\/\/centredugenougeneve.ch\/en\/\",\"logo\":{\"@type\":\"ImageObject\",\"inLanguage\":\"en-US\",\"@id\":\"https:\/\/centredugenougeneve.ch\/en\/#\/schema\/logo\/image\/\",\"url\":\"https:\/\/centredugenougeneve.ch\/wp-content\/uploads\/2020\/06\/CGG-Logo-green.png\",\"contentUrl\":\"https:\/\/centredugenougeneve.ch\/wp-content\/uploads\/2020\/06\/CGG-Logo-green.png\",\"width\":1000,\"height\":696,\"caption\":\"Centre du Genou Gen\u00e8ve\"},\"image\":{\"@id\":\"https:\/\/centredugenougeneve.ch\/en\/#\/schema\/logo\/image\/\"}}]}<\/script>\n<!-- \/ Yoast SEO plugin. -->","yoast_head_json":{"title":"Revision of the total knee replacement - Centre du Genou Gen\u00e8ve","description":"At the Geneva Knee Center, we address postoperative complications with advanced expertise and meticulous planning. Each procedure is personalized using cutting-edge techniques and optimized postoperative follow-up for superior outcomes","robots":{"index":"index","follow":"follow","max-snippet":"max-snippet:-1","max-image-preview":"max-image-preview:large","max-video-preview":"max-video-preview:-1"},"canonical":"http:\/\/centredugenougeneve.ch\/en\/revision-total-knee-replacement\/","og_locale":"en_US","og_type":"article","og_title":"Revision of the total knee replacement - Centre du Genou Gen\u00e8ve","og_description":"At the Geneva Knee Center, we address postoperative complications with advanced expertise and meticulous planning. Each procedure is personalized using cutting-edge techniques and optimized postoperative follow-up for superior outcomes","og_url":"http:\/\/centredugenougeneve.ch\/en\/revision-total-knee-replacement\/","og_site_name":"Centre du Genou Gen\u00e8ve","article_modified_time":"2026-04-16T09:50:49+00:00","og_image":[{"width":1000,"height":696,"url":"http:\/\/centredugenougeneve.ch\/wp-content\/uploads\/2020\/06\/CGG-Logo-green.png","type":"image\/png"}],"twitter_card":"summary_large_image","twitter_misc":{"Est. reading time":"3 minutes"},"schema":{"@context":"https:\/\/schema.org","@graph":[{"@type":"WebPage","@id":"http:\/\/centredugenougeneve.ch\/en\/revision-total-knee-replacement\/","url":"http:\/\/centredugenougeneve.ch\/en\/revision-total-knee-replacement\/","name":"Revision of the total knee replacement - Centre du Genou Gen\u00e8ve","isPartOf":{"@id":"https:\/\/centredugenougeneve.ch\/en\/#website"},"datePublished":"2020-10-02T13:29:27+00:00","dateModified":"2026-04-16T09:50:49+00:00","description":"At the Geneva Knee Center, we address postoperative complications with advanced expertise and meticulous planning. Each procedure is personalized using cutting-edge techniques and optimized postoperative follow-up for superior outcomes","breadcrumb":{"@id":"http:\/\/centredugenougeneve.ch\/en\/revision-total-knee-replacement\/#breadcrumb"},"inLanguage":"en-US","potentialAction":[{"@type":"ReadAction","target":["http:\/\/centredugenougeneve.ch\/en\/revision-total-knee-replacement\/"]}]},{"@type":"BreadcrumbList","@id":"http:\/\/centredugenougeneve.ch\/en\/revision-total-knee-replacement\/#breadcrumb","itemListElement":[{"@type":"ListItem","position":1,"name":"Accueil","item":"https:\/\/centredugenougeneve.ch\/en\/"},{"@type":"ListItem","position":2,"name":"Revision of the total knee replacement"}]},{"@type":"WebSite","@id":"https:\/\/centredugenougeneve.ch\/en\/#website","url":"https:\/\/centredugenougeneve.ch\/en\/","name":"Centre du Genou Gen\u00e8ve","description":"","publisher":{"@id":"https:\/\/centredugenougeneve.ch\/en\/#organization"},"potentialAction":[{"@type":"SearchAction","target":{"@type":"EntryPoint","urlTemplate":"https:\/\/centredugenougeneve.ch\/en\/?s={search_term_string}"},"query-input":{"@type":"PropertyValueSpecification","valueRequired":true,"valueName":"search_term_string"}}],"inLanguage":"en-US"},{"@type":"Organization","@id":"https:\/\/centredugenougeneve.ch\/en\/#organization","name":"Centre du Genou Gen\u00e8ve","url":"https:\/\/centredugenougeneve.ch\/en\/","logo":{"@type":"ImageObject","inLanguage":"en-US","@id":"https:\/\/centredugenougeneve.ch\/en\/#\/schema\/logo\/image\/","url":"https:\/\/centredugenougeneve.ch\/wp-content\/uploads\/2020\/06\/CGG-Logo-green.png","contentUrl":"https:\/\/centredugenougeneve.ch\/wp-content\/uploads\/2020\/06\/CGG-Logo-green.png","width":1000,"height":696,"caption":"Centre du Genou Gen\u00e8ve"},"image":{"@id":"https:\/\/centredugenougeneve.ch\/en\/#\/schema\/logo\/image\/"}}]}},"_links":{"self":[{"href":"http:\/\/centredugenougeneve.ch\/en\/wp-json\/wp\/v2\/pages\/852"}],"collection":[{"href":"http:\/\/centredugenougeneve.ch\/en\/wp-json\/wp\/v2\/pages"}],"about":[{"href":"http:\/\/centredugenougeneve.ch\/en\/wp-json\/wp\/v2\/types\/page"}],"author":[{"embeddable":true,"href":"http:\/\/centredugenougeneve.ch\/en\/wp-json\/wp\/v2\/users\/1"}],"replies":[{"embeddable":true,"href":"http:\/\/centredugenougeneve.ch\/en\/wp-json\/wp\/v2\/comments?post=852"}],"version-history":[{"count":2,"href":"http:\/\/centredugenougeneve.ch\/en\/wp-json\/wp\/v2\/pages\/852\/revisions"}],"predecessor-version":[{"id":919,"href":"http:\/\/centredugenougeneve.ch\/en\/wp-json\/wp\/v2\/pages\/852\/revisions\/919"}],"wp:attachment":[{"href":"http:\/\/centredugenougeneve.ch\/en\/wp-json\/wp\/v2\/media?parent=852"}],"curies":[{"name":"wp","href":"https:\/\/api.w.org\/{rel}","templated":true}]}}