{"id":832,"date":"2020-06-19T14:20:39","date_gmt":"2020-06-19T12:20:39","guid":{"rendered":"https:\/\/centredugenougeneve.ch\/le-centre\/"},"modified":"2026-04-16T12:01:12","modified_gmt":"2026-04-16T10:01:12","slug":"geneva-center-knee","status":"publish","type":"page","link":"http:\/\/centredugenougeneve.ch\/en\/","title":{"rendered":"The Centre"},"content":{"rendered":"<p><img loading=\"lazy\" decoding=\"async\" class=\"size-medium wp-image-280 style= alignright btx-force-center-mobile\" style=\"margin: 0px 20px 40px 20px;\" src=\"http:\/\/centredugenougeneve.ch\/wp-content\/uploads\/2020\/07\/Plan-de-travail-2-100-1-300x300.jpg\" alt=\"\" width=\"300\" height=\"300\" srcset=\"http:\/\/centredugenougeneve.ch\/wp-content\/uploads\/2020\/07\/Plan-de-travail-2-100-1-300x300.jpg 300w, http:\/\/centredugenougeneve.ch\/wp-content\/uploads\/2020\/07\/Plan-de-travail-2-100-1-1024x1024.jpg 1024w, http:\/\/centredugenougeneve.ch\/wp-content\/uploads\/2020\/07\/Plan-de-travail-2-100-1-150x150.jpg 150w, http:\/\/centredugenougeneve.ch\/wp-content\/uploads\/2020\/07\/Plan-de-travail-2-100-1-768x768.jpg 768w, http:\/\/centredugenougeneve.ch\/wp-content\/uploads\/2020\/07\/Plan-de-travail-2-100-1-512x512.jpg 512w, http:\/\/centredugenougeneve.ch\/wp-content\/uploads\/2020\/07\/Plan-de-travail-2-100-1.jpg 1081w\" sizes=\"(max-width: 300px) 100vw, 300px\" \/><\/p>\n<p style=\"text-align: justify;\"><span style=\"font-weight: bold; color: #eba153;\">The Geneva Knee Centre <\/span><span style=\"font-weight: 400;\">is made up of two surgeons who are experts in knee surgery, treating all degenerative, trauma- and sports-related knee injuries.<\/span><\/p>\n<p><span style=\"font-weight: 400;\">Dr Philippe Alves (MD) and Dr Julien Billi\u00e8res (MD) welcome you for a consultation. In the event of surgical treatment, they each assist each other in the operating room.<\/span><\/p>\n<p><span style=\"font-weight: 400;\">Surgery follow-up is carried out by the surgeon responsible for your care, working alongside physiotherapists and, if necessary, the certified Swiss Olympic Medical Centre.<\/span><\/p>\n<p><span style=\"font-weight: 400;\">Modern surgical techniques such as arthroscopy, minimally invasive and personalized surgery are used for the various procedures.<\/span><\/p>\n<p><span style=\"font-weight: 400;\">Dr Philippe Alves (MD) and Dr Julien Billi\u00e8res (MD) regularly attend national and international conferences to stay abreast of the latest knowledge.<\/span><\/p>\n","protected":false},"excerpt":{"rendered":"<p>Le Centre du Genou Gen\u00e8ve prend en charge toutes les pathologies du genou d\u00e9g\u00e9n\u00e9ratives, traumatiques et li\u00e9es au sport. Le Dr. med. Philippe Alves ou le Dr. med. Julien Billi\u00e8res vous re\u00e7oivent \u00e0 leur consultation.<\/p>\n","protected":false},"author":1,"featured_media":0,"parent":0,"menu_order":0,"comment_status":"closed","ping_status":"closed","template":"","meta":{"footnotes":""},"class_list":["post-832","page","type-page","status-publish","hentry"],"yoast_head":"<!-- This site is optimized with the Yoast SEO plugin v24.2 - https:\/\/yoast.com\/wordpress\/plugins\/seo\/ -->\n<title>The Centre - Centre du Genou Gen\u00e8ve<\/title>\n<meta name=\"description\" content=\"The Geneva Knee Center manages all degenerative, traumatic, and sports-related knee conditions. Dr. med. Philippe Alves and Dr. med. Julien Billi\u00e8res are available for consultations.\" \/>\n<meta name=\"robots\" content=\"index, follow, max-snippet:-1, max-image-preview:large, max-video-preview:-1\" \/>\n<link rel=\"canonical\" href=\"http:\/\/centredugenougeneve.ch\/en\/\" \/>\n<meta property=\"og:locale\" content=\"en_US\" \/>\n<meta property=\"og:type\" content=\"article\" \/>\n<meta property=\"og:title\" content=\"The Centre - Centre du Genou Gen\u00e8ve\" \/>\n<meta property=\"og:description\" content=\"The Geneva Knee Center manages all degenerative, traumatic, and sports-related knee conditions. Dr. med. Philippe Alves and Dr. med. Julien Billi\u00e8res are available for consultations.\" \/>\n<meta property=\"og:url\" content=\"http:\/\/centredugenougeneve.ch\/en\/\" \/>\n<meta property=\"og:site_name\" content=\"Centre du Genou Gen\u00e8ve\" \/>\n<meta property=\"article:modified_time\" content=\"2026-04-16T10:01:12+00:00\" \/>\n<meta property=\"og:image\" content=\"http:\/\/centredugenougeneve.ch\/wp-content\/uploads\/2020\/07\/Plan-de-travail-2-100-1-300x300.jpg\" \/>\n<meta name=\"twitter:card\" content=\"summary_large_image\" \/>\n<meta name=\"twitter:label1\" content=\"Est. reading time\" \/>\n\t<meta name=\"twitter:data1\" content=\"3 minutes\" \/>\n<script type=\"application\/ld+json\" class=\"yoast-schema-graph\">{\"@context\":\"https:\/\/schema.org\",\"@graph\":[{\"@type\":\"WebPage\",\"@id\":\"http:\/\/centredugenougeneve.ch\/en\/\",\"url\":\"http:\/\/centredugenougeneve.ch\/en\/\",\"name\":\"The Centre - Centre du Genou Gen\u00e8ve\",\"isPartOf\":{\"@id\":\"https:\/\/centredugenougeneve.ch\/en\/#website\"},\"primaryImageOfPage\":{\"@id\":\"http:\/\/centredugenougeneve.ch\/en\/#primaryimage\"},\"image\":{\"@id\":\"http:\/\/centredugenougeneve.ch\/en\/#primaryimage\"},\"thumbnailUrl\":\"http:\/\/centredugenougeneve.ch\/wp-content\/uploads\/2020\/07\/Plan-de-travail-2-100-1-300x300.jpg\",\"datePublished\":\"2020-06-19T12:20:39+00:00\",\"dateModified\":\"2026-04-16T10:01:12+00:00\",\"description\":\"The Geneva Knee Center manages all degenerative, traumatic, and sports-related knee conditions. Dr. med. Philippe Alves and Dr. med. Julien Billi\u00e8res are available for consultations.\",\"breadcrumb\":{\"@id\":\"http:\/\/centredugenougeneve.ch\/en\/#breadcrumb\"},\"inLanguage\":\"en-US\",\"potentialAction\":[{\"@type\":\"ReadAction\",\"target\":[\"http:\/\/centredugenougeneve.ch\/en\/\"]}]},{\"@type\":\"ImageObject\",\"inLanguage\":\"en-US\",\"@id\":\"http:\/\/centredugenougeneve.ch\/en\/#primaryimage\",\"url\":\"http:\/\/centredugenougeneve.ch\/wp-content\/uploads\/2020\/07\/Plan-de-travail-2-100-1-300x300.jpg\",\"contentUrl\":\"http:\/\/centredugenougeneve.ch\/wp-content\/uploads\/2020\/07\/Plan-de-travail-2-100-1-300x300.jpg\"},{\"@type\":\"BreadcrumbList\",\"@id\":\"http:\/\/centredugenougeneve.ch\/en\/#breadcrumb\",\"itemListElement\":[{\"@type\":\"ListItem\",\"position\":1,\"name\":\"Accueil\",\"item\":\"https:\/\/centredugenougeneve.ch\/en\/\"},{\"@type\":\"ListItem\",\"position\":2,\"name\":\"The Centre\"}]},{\"@type\":\"WebSite\",\"@id\":\"https:\/\/centredugenougeneve.ch\/en\/#website\",\"url\":\"https:\/\/centredugenougeneve.ch\/en\/\",\"name\":\"Centre du Genou Gen\u00e8ve\",\"description\":\"\",\"publisher\":{\"@id\":\"https:\/\/centredugenougeneve.ch\/en\/#organization\"},\"potentialAction\":[{\"@type\":\"SearchAction\",\"target\":{\"@type\":\"EntryPoint\",\"urlTemplate\":\"https:\/\/centredugenougeneve.ch\/en\/?s={search_term_string}\"},\"query-input\":{\"@type\":\"PropertyValueSpecification\",\"valueRequired\":true,\"valueName\":\"search_term_string\"}}],\"inLanguage\":\"en-US\"},{\"@type\":\"Organization\",\"@id\":\"https:\/\/centredugenougeneve.ch\/en\/#organization\",\"name\":\"Centre du Genou Gen\u00e8ve\",\"url\":\"https:\/\/centredugenougeneve.ch\/en\/\",\"logo\":{\"@type\":\"ImageObject\",\"inLanguage\":\"en-US\",\"@id\":\"https:\/\/centredugenougeneve.ch\/en\/#\/schema\/logo\/image\/\",\"url\":\"https:\/\/centredugenougeneve.ch\/wp-content\/uploads\/2020\/06\/CGG-Logo-green.png\",\"contentUrl\":\"https:\/\/centredugenougeneve.ch\/wp-content\/uploads\/2020\/06\/CGG-Logo-green.png\",\"width\":1000,\"height\":696,\"caption\":\"Centre du Genou Gen\u00e8ve\"},\"image\":{\"@id\":\"https:\/\/centredugenougeneve.ch\/en\/#\/schema\/logo\/image\/\"}}]}<\/script>\n<!-- \/ Yoast SEO plugin. -->","yoast_head_json":{"title":"The Centre - Centre du Genou Gen\u00e8ve","description":"The Geneva Knee Center manages all degenerative, traumatic, and sports-related knee conditions. Dr. med. Philippe Alves and Dr. med. Julien Billi\u00e8res are available for consultations.","robots":{"index":"index","follow":"follow","max-snippet":"max-snippet:-1","max-image-preview":"max-image-preview:large","max-video-preview":"max-video-preview:-1"},"canonical":"http:\/\/centredugenougeneve.ch\/en\/","og_locale":"en_US","og_type":"article","og_title":"The Centre - Centre du Genou Gen\u00e8ve","og_description":"The Geneva Knee Center manages all degenerative, traumatic, and sports-related knee conditions. Dr. med. Philippe Alves and Dr. med. Julien Billi\u00e8res are available for consultations.","og_url":"http:\/\/centredugenougeneve.ch\/en\/","og_site_name":"Centre du Genou Gen\u00e8ve","article_modified_time":"2026-04-16T10:01:12+00:00","og_image":[{"url":"http:\/\/centredugenougeneve.ch\/wp-content\/uploads\/2020\/07\/Plan-de-travail-2-100-1-300x300.jpg","type":"","width":"","height":""}],"twitter_card":"summary_large_image","twitter_misc":{"Est. reading time":"3 minutes"},"schema":{"@context":"https:\/\/schema.org","@graph":[{"@type":"WebPage","@id":"http:\/\/centredugenougeneve.ch\/en\/","url":"http:\/\/centredugenougeneve.ch\/en\/","name":"The Centre - Centre du Genou Gen\u00e8ve","isPartOf":{"@id":"https:\/\/centredugenougeneve.ch\/en\/#website"},"primaryImageOfPage":{"@id":"http:\/\/centredugenougeneve.ch\/en\/#primaryimage"},"image":{"@id":"http:\/\/centredugenougeneve.ch\/en\/#primaryimage"},"thumbnailUrl":"http:\/\/centredugenougeneve.ch\/wp-content\/uploads\/2020\/07\/Plan-de-travail-2-100-1-300x300.jpg","datePublished":"2020-06-19T12:20:39+00:00","dateModified":"2026-04-16T10:01:12+00:00","description":"The Geneva Knee Center manages all degenerative, traumatic, and sports-related knee conditions. Dr. med. Philippe Alves and Dr. med. Julien Billi\u00e8res are available for consultations.","breadcrumb":{"@id":"http:\/\/centredugenougeneve.ch\/en\/#breadcrumb"},"inLanguage":"en-US","potentialAction":[{"@type":"ReadAction","target":["http:\/\/centredugenougeneve.ch\/en\/"]}]},{"@type":"ImageObject","inLanguage":"en-US","@id":"http:\/\/centredugenougeneve.ch\/en\/#primaryimage","url":"http:\/\/centredugenougeneve.ch\/wp-content\/uploads\/2020\/07\/Plan-de-travail-2-100-1-300x300.jpg","contentUrl":"http:\/\/centredugenougeneve.ch\/wp-content\/uploads\/2020\/07\/Plan-de-travail-2-100-1-300x300.jpg"},{"@type":"BreadcrumbList","@id":"http:\/\/centredugenougeneve.ch\/en\/#breadcrumb","itemListElement":[{"@type":"ListItem","position":1,"name":"Accueil","item":"https:\/\/centredugenougeneve.ch\/en\/"},{"@type":"ListItem","position":2,"name":"The Centre"}]},{"@type":"WebSite","@id":"https:\/\/centredugenougeneve.ch\/en\/#website","url":"https:\/\/centredugenougeneve.ch\/en\/","name":"Centre du Genou Gen\u00e8ve","description":"","publisher":{"@id":"https:\/\/centredugenougeneve.ch\/en\/#organization"},"potentialAction":[{"@type":"SearchAction","target":{"@type":"EntryPoint","urlTemplate":"https:\/\/centredugenougeneve.ch\/en\/?s={search_term_string}"},"query-input":{"@type":"PropertyValueSpecification","valueRequired":true,"valueName":"search_term_string"}}],"inLanguage":"en-US"},{"@type":"Organization","@id":"https:\/\/centredugenougeneve.ch\/en\/#organization","name":"Centre du Genou Gen\u00e8ve","url":"https:\/\/centredugenougeneve.ch\/en\/","logo":{"@type":"ImageObject","inLanguage":"en-US","@id":"https:\/\/centredugenougeneve.ch\/en\/#\/schema\/logo\/image\/","url":"https:\/\/centredugenougeneve.ch\/wp-content\/uploads\/2020\/06\/CGG-Logo-green.png","contentUrl":"https:\/\/centredugenougeneve.ch\/wp-content\/uploads\/2020\/06\/CGG-Logo-green.png","width":1000,"height":696,"caption":"Centre du Genou Gen\u00e8ve"},"image":{"@id":"https:\/\/centredugenougeneve.ch\/en\/#\/schema\/logo\/image\/"}}]}},"_links":{"self":[{"href":"http:\/\/centredugenougeneve.ch\/en\/wp-json\/wp\/v2\/pages\/832"}],"collection":[{"href":"http:\/\/centredugenougeneve.ch\/en\/wp-json\/wp\/v2\/pages"}],"about":[{"href":"http:\/\/centredugenougeneve.ch\/en\/wp-json\/wp\/v2\/types\/page"}],"author":[{"embeddable":true,"href":"http:\/\/centredugenougeneve.ch\/en\/wp-json\/wp\/v2\/users\/1"}],"replies":[{"embeddable":true,"href":"http:\/\/centredugenougeneve.ch\/en\/wp-json\/wp\/v2\/comments?post=832"}],"version-history":[{"count":2,"href":"http:\/\/centredugenougeneve.ch\/en\/wp-json\/wp\/v2\/pages\/832\/revisions"}],"predecessor-version":[{"id":926,"href":"http:\/\/centredugenougeneve.ch\/en\/wp-json\/wp\/v2\/pages\/832\/revisions\/926"}],"wp:attachment":[{"href":"http:\/\/centredugenougeneve.ch\/en\/wp-json\/wp\/v2\/media?parent=832"}],"curies":[{"name":"wp","href":"https:\/\/api.w.org\/{rel}","templated":true}]}}